{"id":1498,"date":"2025-11-15T13:50:07","date_gmt":"2025-11-15T16:50:07","guid":{"rendered":"https:\/\/piantare.com.br\/?page_id=1498"},"modified":"2025-12-13T20:27:08","modified_gmt":"2025-12-13T23:27:08","slug":"donde-encontrar","status":"publish","type":"page","link":"https:\/\/piantare.com.br\/es\/donde-encontrar\/","title":{"rendered":"D\u00f3nde encontrar"},"content":{"rendered":"\t\t<div data-elementor-type=\"wp-page\" data-elementor-id=\"1498\" class=\"elementor elementor-1498 elementor-727\" data-elementor-settings=\"{&quot;ha_cmc_init_switcher&quot;:&quot;no&quot;}\" data-elementor-post-type=\"page\">\n\t\t\t\t<div class=\"elementor-element elementor-element-f1c25e2 e-con-full e-flex e-con e-parent\" data-id=\"f1c25e2\" data-element_type=\"container\" data-settings=\"{&quot;background_background&quot;:&quot;classic&quot;,&quot;_ha_eqh_enable&quot;:false}\">\n\t\t<div class=\"elementor-element elementor-element-73cd487 e-flex e-con-boxed e-con e-child\" data-id=\"73cd487\" data-element_type=\"container\" data-settings=\"{&quot;_ha_eqh_enable&quot;:false}\">\n\t\t\t\t\t<div class=\"e-con-inner\">\n\t\t\t\t<div class=\"elementor-element elementor-element-70f5205 elementor-widget elementor-widget-heading\" data-id=\"70f5205\" data-element_type=\"widget\" data-widget_type=\"heading.default\">\n\t\t\t\t\t<h1 class=\"elementor-heading-title elementor-size-default\">D\u00f3nde encontrar<\/h1>\t\t\t\t<\/div>\n\t\t\t\t\t<\/div>\n\t\t\t\t<\/div>\n\t\t\t\t<\/div>\n\t\t<div class=\"elementor-element elementor-element-cbca5d9 e-flex e-con-boxed e-con e-parent\" data-id=\"cbca5d9\" data-element_type=\"container\" data-settings=\"{&quot;background_background&quot;:&quot;classic&quot;,&quot;_ha_eqh_enable&quot;:false}\">\n\t\t\t\t\t<div class=\"e-con-inner\">\n\t\t<div class=\"elementor-element elementor-element-fe3d49c e-con-full e-flex e-con e-child\" data-id=\"fe3d49c\" data-element_type=\"container\" data-settings=\"{&quot;background_background&quot;:&quot;classic&quot;,&quot;_ha_eqh_enable&quot;:false}\">\n\t\t\t\t<div class=\"elementor-element elementor-element-4b71300 elementor-widget elementor-widget-shortcode\" data-id=\"4b71300\" data-element_type=\"widget\" data-widget_type=\"shortcode.default\">\n\t\t\t\t\t\t\t<div class=\"elementor-shortcode\"><div class=\"map_wrapper\" id=\"map_wrapper_726\">\n<div class=\"map_box\" style=\"max-width:2000px\">\n<div class=\"map_aspect_ratio\" style=\"padding-top:100%\" data-padding-top=\"100%\" data-padding-top-mobile=\"0%\">\n<div class=\"map_container\">\n<div class=\"map_render map_loading\" id=\"map_726\"><\/div>\n<\/div>\n<\/div>\n<\/div>\n<\/div><\/div>\n\t\t\t\t\t\t<\/div>\n\t\t\t\t<\/div>\n\t\t<div class=\"elementor-element elementor-element-a13a096 e-con-full e-flex e-con e-child\" data-id=\"a13a096\" data-element_type=\"container\" data-settings=\"{&quot;_ha_eqh_enable&quot;:false}\">\n\t\t\t\t<div class=\"elementor-element elementor-element-5350584 elementor-widget elementor-widget-n-accordion\" data-id=\"5350584\" data-element_type=\"widget\" data-settings=\"{&quot;default_state&quot;:&quot;all_collapsed&quot;,&quot;n_accordion_animation_duration&quot;:{&quot;unit&quot;:&quot;ms&quot;,&quot;size&quot;:300,&quot;sizes&quot;:[]},&quot;max_items_expended&quot;:&quot;one&quot;}\" data-widget_type=\"nested-accordion.default\">\n\t\t\t\t\t\t\t<div class=\"e-n-accordion\" aria-label=\"Accordion. Open links with Enter or Space, close with Escape, and navigate with Arrow Keys\">\n\t\t\t\t\t\t<details id=\"e-n-accordion-item-8730\" class=\"e-n-accordion-item\" >\n\t\t\t\t<summary class=\"e-n-accordion-item-title\" data-accordion-index=\"1\" tabindex=\"0\" aria-expanded=\"false\" aria-controls=\"e-n-accordion-item-8730\" >\n\t\t\t\t\t<span class='e-n-accordion-item-title-header'><div class=\"e-n-accordion-item-title-text\"> Bahia <\/div><\/span>\n\t\t\t\t\t\t\t<span class='e-n-accordion-item-title-icon'>\n\t\t\t<span class='e-opened' ><svg aria-hidden=\"true\" class=\"e-font-icon-svg e-fas-minus\" viewBox=\"0 0 448 512\" xmlns=\"http:\/\/www.w3.org\/2000\/svg\"><path d=\"M416 208H32c-17.67 0-32 14.33-32 32v32c0 17.67 14.33 32 32 32h384c17.67 0 32-14.33 32-32v-32c0-17.67-14.33-32-32-32z\"><\/path><\/svg><\/span>\n\t\t\t<span class='e-closed'><svg aria-hidden=\"true\" class=\"e-font-icon-svg e-fas-plus\" viewBox=\"0 0 448 512\" xmlns=\"http:\/\/www.w3.org\/2000\/svg\"><path d=\"M416 208H272V64c0-17.67-14.33-32-32-32h-32c-17.67 0-32 14.33-32 32v144H32c-17.67 0-32 14.33-32 32v32c0 17.67 14.33 32 32 32h144v144c0 17.67 14.33 32 32 32h32c17.67 0 32-14.33 32-32V304h144c17.67 0 32-14.33 32-32v-32c0-17.67-14.33-32-32-32z\"><\/path><\/svg><\/span>\n\t\t<\/span>\n\n\t\t\t\t\t\t<\/summary>\n\t\t\t\t<div role=\"region\" aria-labelledby=\"e-n-accordion-item-8730\" class=\"elementor-element elementor-element-a8f7aad e-con-full e-flex e-con e-child\" data-id=\"a8f7aad\" data-element_type=\"container\" data-settings=\"{&quot;background_background&quot;:&quot;classic&quot;,&quot;_ha_eqh_enable&quot;:false}\">\n\t\t\t\t<div class=\"elementor-element elementor-element-40fcdd4 elementor-widget elementor-widget-text-editor\" data-id=\"40fcdd4\" data-element_type=\"widget\" data-widget_type=\"text-editor.default\">\n\t\t\t\t\t\t\t\t\t<ul><li><strong>Berries<\/strong>: mirtilo (<em>blueberry<\/em>), amora (<em>blackberry<\/em>), framboesa (<em>raspberry<\/em>), morango (<em>strawberry<\/em>), cranberry e <em>a\u00e7a\u00ed<\/em>;<\/li><li><strong>Frutas tropicais<\/strong>: <em>pitaya<\/em>, <em>mangost\u00e3o<\/em>, <em>gojiberry<\/em>, <em>acerola<\/em>, <em>camu-camu<\/em>, <em>maracuj\u00e1<\/em> e <em>rom\u00e3<\/em>;<\/li><li><strong>Frutas ricas em gorduras boas e compostos bioativos<\/strong>: <em>avocado<\/em> e <em>abacate<\/em>;<\/li><li><strong>Frutas c\u00edtricas e fontes de flavonoides<\/strong>: tangerina, laranja e lim\u00e3o;<\/li><li><strong>Ex\u00f3ticas de alto potencial funcional<\/strong>: <em>physalis<\/em>, <em>kiwi<\/em> e <em>graviola<\/em>.<\/li><\/ul>\t\t\t\t\t\t\t\t<\/div>\n\t\t\t\t<\/div>\n\t\t\t\t\t<\/details>\n\t\t\t\t\t\t<details id=\"e-n-accordion-item-8731\" class=\"e-n-accordion-item\" >\n\t\t\t\t<summary class=\"e-n-accordion-item-title\" data-accordion-index=\"2\" tabindex=\"-1\" aria-expanded=\"false\" aria-controls=\"e-n-accordion-item-8731\" >\n\t\t\t\t\t<span class='e-n-accordion-item-title-header'><div class=\"e-n-accordion-item-title-text\"> Rio de Janeiro <\/div><\/span>\n\t\t\t\t\t\t\t<span class='e-n-accordion-item-title-icon'>\n\t\t\t<span class='e-opened' ><svg aria-hidden=\"true\" class=\"e-font-icon-svg e-fas-minus\" viewBox=\"0 0 448 512\" xmlns=\"http:\/\/www.w3.org\/2000\/svg\"><path d=\"M416 208H32c-17.67 0-32 14.33-32 32v32c0 17.67 14.33 32 32 32h384c17.67 0 32-14.33 32-32v-32c0-17.67-14.33-32-32-32z\"><\/path><\/svg><\/span>\n\t\t\t<span class='e-closed'><svg aria-hidden=\"true\" class=\"e-font-icon-svg e-fas-plus\" viewBox=\"0 0 448 512\" xmlns=\"http:\/\/www.w3.org\/2000\/svg\"><path d=\"M416 208H272V64c0-17.67-14.33-32-32-32h-32c-17.67 0-32 14.33-32 32v144H32c-17.67 0-32 14.33-32 32v32c0 17.67 14.33 32 32 32h144v144c0 17.67 14.33 32 32 32h32c17.67 0 32-14.33 32-32V304h144c17.67 0 32-14.33 32-32v-32c0-17.67-14.33-32-32-32z\"><\/path><\/svg><\/span>\n\t\t<\/span>\n\n\t\t\t\t\t\t<\/summary>\n\t\t\t\t<div role=\"region\" aria-labelledby=\"e-n-accordion-item-8731\" class=\"elementor-element elementor-element-cbe6b31 e-con-full e-flex e-con e-child\" data-id=\"cbe6b31\" data-element_type=\"container\" data-settings=\"{&quot;background_background&quot;:&quot;classic&quot;,&quot;_ha_eqh_enable&quot;:false}\">\n\t\t\t\t<div class=\"elementor-element elementor-element-be1a338 elementor-widget elementor-widget-text-editor\" data-id=\"be1a338\" data-element_type=\"widget\" data-widget_type=\"text-editor.default\">\n\t\t\t\t\t\t\t\t\t<p>LOja teste<\/p>\t\t\t\t\t\t\t\t<\/div>\n\t\t\t\t<div class=\"elementor-element elementor-element-bfb3034 elementor-widget elementor-widget-google_maps\" data-id=\"bfb3034\" data-element_type=\"widget\" data-widget_type=\"google_maps.default\">\n\t\t\t\t\t\t\t<div class=\"elementor-custom-embed\">\n\t\t\t<iframe loading=\"lazy\"\n\t\t\t\t\tsrc=\"https:\/\/maps.google.com\/maps?q=Av%20paulista&#038;t=m&#038;z=15&#038;output=embed&#038;iwloc=near\"\n\t\t\t\t\ttitle=\"Av paulista\"\n\t\t\t\t\taria-label=\"Av paulista\"\n\t\t\t><\/iframe>\n\t\t<\/div>\n\t\t\t\t\t\t<\/div>\n\t\t\t\t<div class=\"elementor-element elementor-element-b82d0e7 elementor-widget elementor-widget-text-editor\" data-id=\"b82d0e7\" data-element_type=\"widget\" data-widget_type=\"text-editor.default\">\n\t\t\t\t\t\t\t\t\t<p>LOja teste<\/p>\t\t\t\t\t\t\t\t<\/div>\n\t\t\t\t<div class=\"elementor-element elementor-element-e2f503b elementor-widget elementor-widget-google_maps\" data-id=\"e2f503b\" data-element_type=\"widget\" data-widget_type=\"google_maps.default\">\n\t\t\t\t\t\t\t<div class=\"elementor-custom-embed\">\n\t\t\t<iframe loading=\"lazy\"\n\t\t\t\t\tsrc=\"https:\/\/maps.google.com\/maps?q=Av%20paulista&#038;t=m&#038;z=15&#038;output=embed&#038;iwloc=near\"\n\t\t\t\t\ttitle=\"Av paulista\"\n\t\t\t\t\taria-label=\"Av paulista\"\n\t\t\t><\/iframe>\n\t\t<\/div>\n\t\t\t\t\t\t<\/div>\n\t\t\t\t<\/div>\n\t\t\t\t\t<\/details>\n\t\t\t\t\t\t<details id=\"e-n-accordion-item-8732\" class=\"e-n-accordion-item\" >\n\t\t\t\t<summary class=\"e-n-accordion-item-title\" data-accordion-index=\"3\" tabindex=\"-1\" aria-expanded=\"false\" aria-controls=\"e-n-accordion-item-8732\" >\n\t\t\t\t\t<span class='e-n-accordion-item-title-header'><div class=\"e-n-accordion-item-title-text\"> C\u00e9ara <\/div><\/span>\n\t\t\t\t\t\t\t<span class='e-n-accordion-item-title-icon'>\n\t\t\t<span class='e-opened' ><svg aria-hidden=\"true\" class=\"e-font-icon-svg e-fas-minus\" viewBox=\"0 0 448 512\" xmlns=\"http:\/\/www.w3.org\/2000\/svg\"><path d=\"M416 208H32c-17.67 0-32 14.33-32 32v32c0 17.67 14.33 32 32 32h384c17.67 0 32-14.33 32-32v-32c0-17.67-14.33-32-32-32z\"><\/path><\/svg><\/span>\n\t\t\t<span class='e-closed'><svg aria-hidden=\"true\" class=\"e-font-icon-svg e-fas-plus\" viewBox=\"0 0 448 512\" xmlns=\"http:\/\/www.w3.org\/2000\/svg\"><path d=\"M416 208H272V64c0-17.67-14.33-32-32-32h-32c-17.67 0-32 14.33-32 32v144H32c-17.67 0-32 14.33-32 32v32c0 17.67 14.33 32 32 32h144v144c0 17.67 14.33 32 32 32h32c17.67 0 32-14.33 32-32V304h144c17.67 0 32-14.33 32-32v-32c0-17.67-14.33-32-32-32z\"><\/path><\/svg><\/span>\n\t\t<\/span>\n\n\t\t\t\t\t\t<\/summary>\n\t\t\t\t<div role=\"region\" aria-labelledby=\"e-n-accordion-item-8732\" class=\"elementor-element elementor-element-c242240 e-con-full e-flex e-con e-child\" data-id=\"c242240\" data-element_type=\"container\" data-settings=\"{&quot;background_background&quot;:&quot;classic&quot;,&quot;_ha_eqh_enable&quot;:false}\">\n\t\t\t\t<div class=\"elementor-element elementor-element-0607fef elementor-widget elementor-widget-text-editor\" data-id=\"0607fef\" data-element_type=\"widget\" data-widget_type=\"text-editor.default\">\n\t\t\t\t\t\t\t\t\t<ul><li><strong>Berries<\/strong>: mirtilo (<em>blueberry<\/em>), amora (<em>blackberry<\/em>), framboesa (<em>raspberry<\/em>), morango (<em>strawberry<\/em>), cranberry e <em>a\u00e7a\u00ed<\/em>;<\/li><li><strong>Frutas tropicais<\/strong>: <em>pitaya<\/em>, <em>mangost\u00e3o<\/em>, <em>gojiberry<\/em>, <em>acerola<\/em>, <em>camu-camu<\/em>, <em>maracuj\u00e1<\/em> e <em>rom\u00e3<\/em>;<\/li><li><strong>Frutas ricas em gorduras boas e compostos bioativos<\/strong>: <em>avocado<\/em> e <em>abacate<\/em>;<\/li><li><strong>Frutas c\u00edtricas e fontes de flavonoides<\/strong>: tangerina, laranja e lim\u00e3o;<\/li><li><strong>Ex\u00f3ticas de alto potencial funcional<\/strong>: <em>physalis<\/em>, <em>kiwi<\/em> e <em>graviola<\/em>.<\/li><\/ul>\t\t\t\t\t\t\t\t<\/div>\n\t\t\t\t<\/div>\n\t\t\t\t\t<\/details>\n\t\t\t\t\t\t<details id=\"e-n-accordion-item-8733\" class=\"e-n-accordion-item\" >\n\t\t\t\t<summary class=\"e-n-accordion-item-title\" data-accordion-index=\"4\" tabindex=\"-1\" aria-expanded=\"false\" aria-controls=\"e-n-accordion-item-8733\" >\n\t\t\t\t\t<span class='e-n-accordion-item-title-header'><div class=\"e-n-accordion-item-title-text\"> Minas Gerais <\/div><\/span>\n\t\t\t\t\t\t\t<span class='e-n-accordion-item-title-icon'>\n\t\t\t<span class='e-opened' ><svg aria-hidden=\"true\" class=\"e-font-icon-svg e-fas-minus\" viewBox=\"0 0 448 512\" xmlns=\"http:\/\/www.w3.org\/2000\/svg\"><path d=\"M416 208H32c-17.67 0-32 14.33-32 32v32c0 17.67 14.33 32 32 32h384c17.67 0 32-14.33 32-32v-32c0-17.67-14.33-32-32-32z\"><\/path><\/svg><\/span>\n\t\t\t<span class='e-closed'><svg aria-hidden=\"true\" class=\"e-font-icon-svg e-fas-plus\" viewBox=\"0 0 448 512\" xmlns=\"http:\/\/www.w3.org\/2000\/svg\"><path d=\"M416 208H272V64c0-17.67-14.33-32-32-32h-32c-17.67 0-32 14.33-32 32v144H32c-17.67 0-32 14.33-32 32v32c0 17.67 14.33 32 32 32h144v144c0 17.67 14.33 32 32 32h32c17.67 0 32-14.33 32-32V304h144c17.67 0 32-14.33 32-32v-32c0-17.67-14.33-32-32-32z\"><\/path><\/svg><\/span>\n\t\t<\/span>\n\n\t\t\t\t\t\t<\/summary>\n\t\t\t\t<div role=\"region\" aria-labelledby=\"e-n-accordion-item-8733\" class=\"elementor-element elementor-element-4efd262 e-con-full e-flex e-con e-child\" data-id=\"4efd262\" data-element_type=\"container\" data-settings=\"{&quot;background_background&quot;:&quot;classic&quot;,&quot;_ha_eqh_enable&quot;:false}\">\n\t\t\t\t<div class=\"elementor-element elementor-element-3782a66 elementor-widget elementor-widget-text-editor\" data-id=\"3782a66\" data-element_type=\"widget\" data-widget_type=\"text-editor.default\">\n\t\t\t\t\t\t\t\t\t<ul><li><strong>Berries<\/strong>: mirtilo (<em>blueberry<\/em>), amora (<em>blackberry<\/em>), framboesa (<em>raspberry<\/em>), morango (<em>strawberry<\/em>), cranberry e <em>a\u00e7a\u00ed<\/em>;<\/li><li><strong>Frutas tropicais<\/strong>: <em>pitaya<\/em>, <em>mangost\u00e3o<\/em>, <em>gojiberry<\/em>, <em>acerola<\/em>, <em>camu-camu<\/em>, <em>maracuj\u00e1<\/em> e <em>rom\u00e3<\/em>;<\/li><li><strong>Frutas ricas em gorduras boas e compostos bioativos<\/strong>: <em>avocado<\/em> e <em>abacate<\/em>;<\/li><li><strong>Frutas c\u00edtricas e fontes de flavonoides<\/strong>: tangerina, laranja e lim\u00e3o;<\/li><li><strong>Ex\u00f3ticas de alto potencial funcional<\/strong>: <em>physalis<\/em>, <em>kiwi<\/em> e <em>graviola<\/em>.<\/li><\/ul>\t\t\t\t\t\t\t\t<\/div>\n\t\t\t\t<\/div>\n\t\t\t\t\t<\/details>\n\t\t\t\t\t\t<details id=\"e-n-accordion-item-8734\" class=\"e-n-accordion-item\" >\n\t\t\t\t<summary class=\"e-n-accordion-item-title\" data-accordion-index=\"5\" tabindex=\"-1\" aria-expanded=\"false\" aria-controls=\"e-n-accordion-item-8734\" >\n\t\t\t\t\t<span class='e-n-accordion-item-title-header'><div class=\"e-n-accordion-item-title-text\"> teste <\/div><\/span>\n\t\t\t\t\t\t\t<span class='e-n-accordion-item-title-icon'>\n\t\t\t<span class='e-opened' ><svg aria-hidden=\"true\" class=\"e-font-icon-svg e-fas-minus\" viewBox=\"0 0 448 512\" xmlns=\"http:\/\/www.w3.org\/2000\/svg\"><path d=\"M416 208H32c-17.67 0-32 14.33-32 32v32c0 17.67 14.33 32 32 32h384c17.67 0 32-14.33 32-32v-32c0-17.67-14.33-32-32-32z\"><\/path><\/svg><\/span>\n\t\t\t<span class='e-closed'><svg aria-hidden=\"true\" class=\"e-font-icon-svg e-fas-plus\" viewBox=\"0 0 448 512\" xmlns=\"http:\/\/www.w3.org\/2000\/svg\"><path d=\"M416 208H272V64c0-17.67-14.33-32-32-32h-32c-17.67 0-32 14.33-32 32v144H32c-17.67 0-32 14.33-32 32v32c0 17.67 14.33 32 32 32h144v144c0 17.67 14.33 32 32 32h32c17.67 0 32-14.33 32-32V304h144c17.67 0 32-14.33 32-32v-32c0-17.67-14.33-32-32-32z\"><\/path><\/svg><\/span>\n\t\t<\/span>\n\n\t\t\t\t\t\t<\/summary>\n\t\t\t\t<div role=\"region\" aria-labelledby=\"e-n-accordion-item-8734\" class=\"elementor-element elementor-element-d6205a6 e-con-full e-flex e-con e-child\" data-id=\"d6205a6\" data-element_type=\"container\" data-settings=\"{&quot;background_background&quot;:&quot;classic&quot;,&quot;_ha_eqh_enable&quot;:false}\">\n\t\t\t\t<div class=\"elementor-element elementor-element-f68460e elementor-widget elementor-widget-text-editor\" data-id=\"f68460e\" data-element_type=\"widget\" data-widget_type=\"text-editor.default\">\n\t\t\t\t\t\t\t\t\t<ul><li><strong>Berries<\/strong>: mirtilo (<em>blueberry<\/em>), amora (<em>blackberry<\/em>), framboesa (<em>raspberry<\/em>), morango (<em>strawberry<\/em>), cranberry e <em>a\u00e7a\u00ed<\/em>;<\/li><li><strong>Frutas tropicais<\/strong>: <em>pitaya<\/em>, <em>mangost\u00e3o<\/em>, <em>gojiberry<\/em>, <em>acerola<\/em>, <em>camu-camu<\/em>, <em>maracuj\u00e1<\/em> e <em>rom\u00e3<\/em>;<\/li><li><strong>Frutas ricas em gorduras boas e compostos bioativos<\/strong>: <em>avocado<\/em> e <em>abacate<\/em>;<\/li><li><strong>Frutas c\u00edtricas e fontes de flavonoides<\/strong>: tangerina, laranja e lim\u00e3o;<\/li><li><strong>Ex\u00f3ticas de alto potencial funcional<\/strong>: <em>physalis<\/em>, <em>kiwi<\/em> e <em>graviola<\/em>.<\/li><\/ul>\t\t\t\t\t\t\t\t<\/div>\n\t\t\t\t<\/div>\n\t\t\t\t\t<\/details>\n\t\t\t\t\t<\/div>\n\t\t\t\t\t\t<\/div>\n\t\t\t\t<\/div>\n\t\t\t\t\t<\/div>\n\t\t\t\t<\/div>\n\t\t\t\t<\/div>\n\t\t","protected":false},"excerpt":{"rendered":"<p>D\u00f3nde encontrar Bahia Berries: mirtilo (blueberry), amora (blackberry), framboesa (raspberry), morango (strawberry), cranberry e a\u00e7a\u00ed; Frutas tropicais: pitaya, mangost\u00e3o, gojiberry, acerola, camu-camu, maracuj\u00e1 e rom\u00e3; Frutas ricas em gorduras boas e compostos bioativos: avocado e abacate; Frutas c\u00edtricas e fontes de flavonoides: tangerina, laranja e lim\u00e3o; Ex\u00f3ticas de alto potencial funcional: physalis, kiwi e graviola. [&hellip;]<\/p>\n","protected":false},"author":1,"featured_media":0,"parent":0,"menu_order":0,"comment_status":"closed","ping_status":"closed","template":"elementor_header_footer","meta":{"footnotes":""},"class_list":["post-1498","page","type-page","status-publish","hentry"],"_links":{"self":[{"href":"https:\/\/piantare.com.br\/es\/wp-json\/wp\/v2\/pages\/1498","targetHints":{"allow":["GET"]}}],"collection":[{"href":"https:\/\/piantare.com.br\/es\/wp-json\/wp\/v2\/pages"}],"about":[{"href":"https:\/\/piantare.com.br\/es\/wp-json\/wp\/v2\/types\/page"}],"author":[{"embeddable":true,"href":"https:\/\/piantare.com.br\/es\/wp-json\/wp\/v2\/users\/1"}],"replies":[{"embeddable":true,"href":"https:\/\/piantare.com.br\/es\/wp-json\/wp\/v2\/comments?post=1498"}],"version-history":[{"count":4,"href":"https:\/\/piantare.com.br\/es\/wp-json\/wp\/v2\/pages\/1498\/revisions"}],"predecessor-version":[{"id":1502,"href":"https:\/\/piantare.com.br\/es\/wp-json\/wp\/v2\/pages\/1498\/revisions\/1502"}],"wp:attachment":[{"href":"https:\/\/piantare.com.br\/es\/wp-json\/wp\/v2\/media?parent=1498"}],"curies":[{"name":"wp","href":"https:\/\/api.w.org\/{rel}","templated":true}]}}