{"id":1488,"date":"2025-11-15T12:08:35","date_gmt":"2025-11-15T15:08:35","guid":{"rendered":"https:\/\/piantare.com.br\/?page_id=1488"},"modified":"2025-12-13T20:17:53","modified_gmt":"2025-12-13T23:17:53","slug":"frutika-linea-ultra-premium","status":"publish","type":"page","link":"https:\/\/piantare.com.br\/es\/productos\/frutika-linea-ultra-premium\/","title":{"rendered":"Frutika \u2014 L\u00ednea Ultra Premium"},"content":{"rendered":"\t\t<div data-elementor-type=\"wp-page\" data-elementor-id=\"1488\" class=\"elementor elementor-1488 elementor-705\" data-elementor-settings=\"{&quot;ha_cmc_init_switcher&quot;:&quot;no&quot;}\" data-elementor-post-type=\"page\">\n\t\t\t\t<div class=\"elementor-element elementor-element-f1c25e2 e-con-full e-flex e-con e-parent\" data-id=\"f1c25e2\" data-element_type=\"container\" data-settings=\"{&quot;background_background&quot;:&quot;classic&quot;,&quot;_ha_eqh_enable&quot;:false}\">\n\t\t<div class=\"elementor-element elementor-element-73cd487 e-flex e-con-boxed e-con e-child\" data-id=\"73cd487\" data-element_type=\"container\" data-settings=\"{&quot;_ha_eqh_enable&quot;:false}\">\n\t\t\t\t\t<div class=\"e-con-inner\">\n\t\t\t\t<div class=\"elementor-element elementor-element-70f5205 elementor-widget elementor-widget-heading\" data-id=\"70f5205\" data-element_type=\"widget\" data-widget_type=\"heading.default\">\n\t\t\t\t\t<h1 class=\"elementor-heading-title elementor-size-default\">Frutika \u2014 L\u00ednea Ultra Premium\n<\/h1>\t\t\t\t<\/div>\n\t\t\t\t\t<\/div>\n\t\t\t\t<\/div>\n\t\t\t\t<\/div>\n\t\t<div class=\"elementor-element elementor-element-a35d11f e-flex e-con-boxed e-con e-parent\" data-id=\"a35d11f\" data-element_type=\"container\" data-settings=\"{&quot;background_background&quot;:&quot;classic&quot;,&quot;_ha_eqh_enable&quot;:false}\">\n\t\t\t\t\t<div class=\"e-con-inner\">\n\t\t<div class=\"elementor-element elementor-element-1d363ba e-con-full e-flex e-con e-child\" data-id=\"1d363ba\" data-element_type=\"container\" data-settings=\"{&quot;background_background&quot;:&quot;classic&quot;,&quot;_ha_eqh_enable&quot;:false}\">\n\t\t\t\t<\/div>\n\t\t<div class=\"elementor-element elementor-element-fdb1728 e-con-full e-flex e-con e-child\" data-id=\"fdb1728\" data-element_type=\"container\" data-settings=\"{&quot;_ha_eqh_enable&quot;:false}\">\n\t\t\t\t<div class=\"elementor-element elementor-element-7542bec elementor-widget elementor-widget-text-editor\" data-id=\"7542bec\" data-element_type=\"widget\" data-widget_type=\"text-editor.default\">\n\t\t\t\t\t\t\t\t\t<p>En la Serra do Tombador, la calidad no es una promesa: es origen. Y Frutika naci\u00f3 para ir m\u00e1s all\u00e1 de este est\u00e1ndar. Es nuestra s\u00faper selecci\u00f3n: frutos elegidos uno a uno, en su punto ideal de maduraci\u00f3n, que ofrecen mayor dulzor (Brix), tama\u00f1o superior y cero defectos f\u00edsicos.<\/p>\t\t\t\t\t\t\t\t<\/div>\n\t\t\t\t<div class=\"elementor-element elementor-element-af813c9 elementor-widget elementor-widget-heading\" data-id=\"af813c9\" data-element_type=\"widget\" data-widget_type=\"heading.default\">\n\t\t\t\t\t<h3 class=\"elementor-heading-title elementor-size-default\">Qu\u00e9 Define a Frutika\n<\/h3>\t\t\t\t<\/div>\n\t\t\t\t<div class=\"elementor-element elementor-element-83c1e7d elementor-widget elementor-widget-text-editor\" data-id=\"83c1e7d\" data-element_type=\"widget\" data-widget_type=\"text-editor.default\">\n\t\t\t\t\t\t\t\t\t<ul><li><b>Alto Brix<\/b>: dulzor naturalmente superior.<\/li><li><b>Calibre Premium<\/b>: frutos m\u00e1s grandes y uniformes.<\/li><li><b>Integridad Tota<\/b>l: sin golpes, sin grietas, sin manchas \u2014 del campo al consumidor.<\/li><li><b>Rastreabilidad y Origen<\/b>: cultivo en altitud, clima suave y manejo responsable.<\/li><\/ul>\t\t\t\t\t\t\t\t<\/div>\n\t\t\t\t<div class=\"elementor-element elementor-element-da912c8 elementor-widget elementor-widget-text-editor\" data-id=\"da912c8\" data-element_type=\"widget\" data-widget_type=\"text-editor.default\">\n\t\t\t\t\t\t\t\t\t<p>Frutika fue creada para quienes exigen lo m\u00e1ximo: restaurantes, reposter\u00eda fina y familias que valoran experiencias gastron\u00f3micas excepcionales.<\/p>\t\t\t\t\t\t\t\t<\/div>\n\t\t\t\t<\/div>\n\t\t\t\t\t<\/div>\n\t\t\t\t<\/div>\n\t\t<div class=\"elementor-element elementor-element-68e00c0 e-flex e-con-boxed e-con e-parent\" data-id=\"68e00c0\" data-element_type=\"container\" data-settings=\"{&quot;background_background&quot;:&quot;classic&quot;,&quot;_ha_eqh_enable&quot;:false}\">\n\t\t\t\t\t<div class=\"e-con-inner\">\n\t\t<div class=\"elementor-element elementor-element-9a58009 e-con-full e-flex e-con e-child\" data-id=\"9a58009\" data-element_type=\"container\" data-settings=\"{&quot;_ha_eqh_enable&quot;:false}\">\n\t\t\t\t<div class=\"elementor-element elementor-element-795345d elementor-arrows-position-inside elementor-widget elementor-widget-n-carousel\" data-id=\"795345d\" data-element_type=\"widget\" data-settings=\"{&quot;carousel_items&quot;:[{&quot;slide_title&quot;:&quot;Slide #1&quot;,&quot;_id&quot;:&quot;c8f719a&quot;},{&quot;slide_title&quot;:&quot;Slide #2&quot;,&quot;_id&quot;:&quot;e4670ab&quot;},{&quot;slide_title&quot;:&quot;Slide #3&quot;,&quot;_id&quot;:&quot;562584f&quot;},{&quot;slide_title&quot;:&quot;Slide #3&quot;,&quot;_id&quot;:&quot;10965d4&quot;}],&quot;slides_to_show&quot;:&quot;4&quot;,&quot;slides_to_show_tablet&quot;:&quot;2&quot;,&quot;slides_to_show_mobile&quot;:&quot;1&quot;,&quot;autoplay&quot;:&quot;yes&quot;,&quot;autoplay_speed&quot;:5000,&quot;pause_on_hover&quot;:&quot;yes&quot;,&quot;pause_on_interaction&quot;:&quot;yes&quot;,&quot;infinite&quot;:&quot;yes&quot;,&quot;speed&quot;:500,&quot;offset_sides&quot;:&quot;none&quot;,&quot;arrows&quot;:&quot;yes&quot;,&quot;image_spacing_custom&quot;:{&quot;unit&quot;:&quot;px&quot;,&quot;size&quot;:10,&quot;sizes&quot;:[]},&quot;image_spacing_custom_tablet&quot;:{&quot;unit&quot;:&quot;px&quot;,&quot;size&quot;:&quot;&quot;,&quot;sizes&quot;:[]},&quot;image_spacing_custom_mobile&quot;:{&quot;unit&quot;:&quot;px&quot;,&quot;size&quot;:&quot;&quot;,&quot;sizes&quot;:[]}}\" data-widget_type=\"nested-carousel.default\">\n\t\t\t\t\t\t\t<div class=\"e-n-carousel swiper\" role=\"region\" aria-roledescription=\"carousel\" aria-label=\"Carrossel\" dir=\"ltr\">\n\t\t\t<div class=\"swiper-wrapper\" aria-live=\"off\">\n\t\t\t\t\t\t\t\t\t\t<div class=\"swiper-slide\" data-slide=\"1\" role=\"group\" aria-roledescription=\"slide\" aria-label=\"1 of 4\">\n\t\t\t\t\t\t\t<div class=\"elementor-element elementor-element-39ad6b6 e-flex e-con-boxed e-con e-child\" data-id=\"39ad6b6\" data-element_type=\"container\" data-settings=\"{&quot;_ha_eqh_enable&quot;:false}\">\n\t\t\t\t\t<div class=\"e-con-inner\">\n\t\t\t\t<div class=\"elementor-element elementor-element-0db4dea elementor-widget elementor-widget-image\" data-id=\"0db4dea\" data-element_type=\"widget\" data-widget_type=\"image.default\">\n\t\t\t\t\t\t\t\t\t\t\t\t\t\t\t<img fetchpriority=\"high\" decoding=\"async\" width=\"800\" height=\"800\" src=\"https:\/\/piantare.com.br\/wp-content\/uploads\/2025\/11\/ChatGPT-Image-15-de-nov.-de-2025-13_20_30.png\" class=\"attachment-large size-large wp-image-1205\" alt=\"\" srcset=\"https:\/\/piantare.com.br\/wp-content\/uploads\/2025\/11\/ChatGPT-Image-15-de-nov.-de-2025-13_20_30.png 1024w, https:\/\/piantare.com.br\/wp-content\/uploads\/2025\/11\/ChatGPT-Image-15-de-nov.-de-2025-13_20_30-300x300.png 300w, https:\/\/piantare.com.br\/wp-content\/uploads\/2025\/11\/ChatGPT-Image-15-de-nov.-de-2025-13_20_30-150x150.png 150w, https:\/\/piantare.com.br\/wp-content\/uploads\/2025\/11\/ChatGPT-Image-15-de-nov.-de-2025-13_20_30-768x768.png 768w\" sizes=\"(max-width: 800px) 100vw, 800px\" \/>\t\t\t\t\t\t\t\t\t\t\t\t\t\t\t<\/div>\n\t\t\t\t\t<\/div>\n\t\t\t\t<\/div>\n\t\t\t\t\t\t\t\t<\/div>\n\t\t\t\t\t\t\t\t\t\t\t<div class=\"swiper-slide\" data-slide=\"2\" role=\"group\" aria-roledescription=\"slide\" aria-label=\"2 of 4\">\n\t\t\t\t\t\t\t<div class=\"elementor-element elementor-element-6ba4605 e-flex e-con-boxed e-con e-child\" data-id=\"6ba4605\" data-element_type=\"container\" data-settings=\"{&quot;_ha_eqh_enable&quot;:false}\">\n\t\t\t\t\t<div class=\"e-con-inner\">\n\t\t\t\t<div class=\"elementor-element elementor-element-1053ebd elementor-widget elementor-widget-image\" data-id=\"1053ebd\" data-element_type=\"widget\" data-widget_type=\"image.default\">\n\t\t\t\t\t\t\t\t\t\t\t\t\t\t\t<img decoding=\"async\" width=\"800\" height=\"800\" src=\"https:\/\/piantare.com.br\/wp-content\/uploads\/2025\/11\/mirtilo-premium-frutika-2-1.png\" class=\"attachment-large size-large wp-image-1203\" alt=\"\" srcset=\"https:\/\/piantare.com.br\/wp-content\/uploads\/2025\/11\/mirtilo-premium-frutika-2-1.png 1024w, https:\/\/piantare.com.br\/wp-content\/uploads\/2025\/11\/mirtilo-premium-frutika-2-1-300x300.png 300w, https:\/\/piantare.com.br\/wp-content\/uploads\/2025\/11\/mirtilo-premium-frutika-2-1-150x150.png 150w, https:\/\/piantare.com.br\/wp-content\/uploads\/2025\/11\/mirtilo-premium-frutika-2-1-768x768.png 768w\" sizes=\"(max-width: 800px) 100vw, 800px\" \/>\t\t\t\t\t\t\t\t\t\t\t\t\t\t\t<\/div>\n\t\t\t\t\t<\/div>\n\t\t\t\t<\/div>\n\t\t\t\t\t\t\t\t<\/div>\n\t\t\t\t\t\t\t\t\t\t\t<div class=\"swiper-slide\" data-slide=\"3\" role=\"group\" aria-roledescription=\"slide\" aria-label=\"3 of 4\">\n\t\t\t\t\t\t\t<div class=\"elementor-element elementor-element-71d7aa4 e-flex e-con-boxed e-con e-child\" data-id=\"71d7aa4\" data-element_type=\"container\" data-settings=\"{&quot;_ha_eqh_enable&quot;:false}\">\n\t\t\t\t\t<div class=\"e-con-inner\">\n\t\t\t\t<div class=\"elementor-element elementor-element-d66db12 elementor-widget elementor-widget-image\" data-id=\"d66db12\" data-element_type=\"widget\" data-widget_type=\"image.default\">\n\t\t\t\t\t\t\t\t\t\t\t\t\t\t\t<img decoding=\"async\" width=\"800\" height=\"800\" src=\"https:\/\/piantare.com.br\/wp-content\/uploads\/2025\/11\/Morango-premium-frutika-1.png\" class=\"attachment-large size-large wp-image-1201\" alt=\"\" srcset=\"https:\/\/piantare.com.br\/wp-content\/uploads\/2025\/11\/Morango-premium-frutika-1.png 1024w, https:\/\/piantare.com.br\/wp-content\/uploads\/2025\/11\/Morango-premium-frutika-1-300x300.png 300w, https:\/\/piantare.com.br\/wp-content\/uploads\/2025\/11\/Morango-premium-frutika-1-150x150.png 150w, https:\/\/piantare.com.br\/wp-content\/uploads\/2025\/11\/Morango-premium-frutika-1-768x768.png 768w\" sizes=\"(max-width: 800px) 100vw, 800px\" \/>\t\t\t\t\t\t\t\t\t\t\t\t\t\t\t<\/div>\n\t\t\t\t\t<\/div>\n\t\t\t\t<\/div>\n\t\t\t\t\t\t\t\t<\/div>\n\t\t\t\t\t\t\t\t\t\t\t<div class=\"swiper-slide\" data-slide=\"4\" role=\"group\" aria-roledescription=\"slide\" aria-label=\"4 of 4\">\n\t\t\t\t\t\t\t<div class=\"elementor-element elementor-element-d3d5f6a e-flex e-con-boxed e-con e-child\" data-id=\"d3d5f6a\" data-element_type=\"container\" data-settings=\"{&quot;_ha_eqh_enable&quot;:false}\">\n\t\t\t\t\t<div class=\"e-con-inner\">\n\t\t\t\t<div class=\"elementor-element elementor-element-95cba15 elementor-widget elementor-widget-image\" data-id=\"95cba15\" data-element_type=\"widget\" data-widget_type=\"image.default\">\n\t\t\t\t\t\t\t\t\t\t\t\t\t\t\t<img loading=\"lazy\" decoding=\"async\" width=\"800\" height=\"800\" src=\"https:\/\/piantare.com.br\/wp-content\/uploads\/2025\/11\/framboesa-premium-frutika-2-1.png\" class=\"attachment-large size-large wp-image-1197\" alt=\"\" srcset=\"https:\/\/piantare.com.br\/wp-content\/uploads\/2025\/11\/framboesa-premium-frutika-2-1.png 1024w, https:\/\/piantare.com.br\/wp-content\/uploads\/2025\/11\/framboesa-premium-frutika-2-1-300x300.png 300w, https:\/\/piantare.com.br\/wp-content\/uploads\/2025\/11\/framboesa-premium-frutika-2-1-150x150.png 150w, https:\/\/piantare.com.br\/wp-content\/uploads\/2025\/11\/framboesa-premium-frutika-2-1-768x768.png 768w\" sizes=\"(max-width: 800px) 100vw, 800px\" \/>\t\t\t\t\t\t\t\t\t\t\t\t\t\t\t<\/div>\n\t\t\t\t\t<\/div>\n\t\t\t\t<\/div>\n\t\t\t\t\t\t\t\t<\/div>\n\t\t\t\t\t\t\t\t<\/div>\n\t\t<\/div>\n\t\t\t\t\t<div class=\"elementor-swiper-button elementor-swiper-button-prev\" role=\"button\" tabindex=\"0\" aria-label=\"Anterior\">\n\t\t\t\t<svg aria-hidden=\"true\" class=\"e-font-icon-svg e-eicon-chevron-left\" viewBox=\"0 0 1000 1000\" xmlns=\"http:\/\/www.w3.org\/2000\/svg\"><path d=\"M646 125C629 125 613 133 604 142L308 442C296 454 292 471 292 487 292 504 296 521 308 533L604 854C617 867 629 875 646 875 663 875 679 871 692 858 704 846 713 829 713 812 713 796 708 779 692 767L438 487 692 225C700 217 708 204 708 187 708 171 704 154 692 142 675 129 663 125 646 125Z\"><\/path><\/svg>\t\t\t<\/div>\n\t\t\t<div class=\"elementor-swiper-button elementor-swiper-button-next\" role=\"button\" tabindex=\"0\" aria-label=\"Siguiente\">\n\t\t\t\t<svg aria-hidden=\"true\" class=\"e-font-icon-svg e-eicon-chevron-right\" viewBox=\"0 0 1000 1000\" xmlns=\"http:\/\/www.w3.org\/2000\/svg\"><path d=\"M696 533C708 521 713 504 713 487 713 471 708 454 696 446L400 146C388 133 375 125 354 125 338 125 325 129 313 142 300 154 292 171 292 187 292 204 296 221 308 233L563 492 304 771C292 783 288 800 288 817 288 833 296 850 308 863 321 871 338 875 354 875 371 875 388 867 400 854L696 533Z\"><\/path><\/svg>\t\t\t<\/div>\n\t\t\t\t\t\t<\/div>\n\t\t\t\t<\/div>\n\t\t\t\t\t<\/div>\n\t\t\t\t<\/div>\n\t\t\t\t<\/div>\n\t\t","protected":false},"excerpt":{"rendered":"<p>Frutika \u2014 L\u00ednea Ultra Premium En la Serra do Tombador, la calidad no es una promesa: es origen. Y Frutika naci\u00f3 para ir m\u00e1s all\u00e1 de este est\u00e1ndar. Es nuestra s\u00faper selecci\u00f3n: frutos elegidos uno a uno, en su punto ideal de maduraci\u00f3n, que ofrecen mayor dulzor (Brix), tama\u00f1o superior y cero defectos f\u00edsicos. Qu\u00e9 [&hellip;]<\/p>\n","protected":false},"author":1,"featured_media":0,"parent":1457,"menu_order":0,"comment_status":"closed","ping_status":"closed","template":"elementor_header_footer","meta":{"footnotes":""},"class_list":["post-1488","page","type-page","status-publish","hentry"],"_links":{"self":[{"href":"https:\/\/piantare.com.br\/es\/wp-json\/wp\/v2\/pages\/1488","targetHints":{"allow":["GET"]}}],"collection":[{"href":"https:\/\/piantare.com.br\/es\/wp-json\/wp\/v2\/pages"}],"about":[{"href":"https:\/\/piantare.com.br\/es\/wp-json\/wp\/v2\/types\/page"}],"author":[{"embeddable":true,"href":"https:\/\/piantare.com.br\/es\/wp-json\/wp\/v2\/users\/1"}],"replies":[{"embeddable":true,"href":"https:\/\/piantare.com.br\/es\/wp-json\/wp\/v2\/comments?post=1488"}],"version-history":[{"count":4,"href":"https:\/\/piantare.com.br\/es\/wp-json\/wp\/v2\/pages\/1488\/revisions"}],"predecessor-version":[{"id":1492,"href":"https:\/\/piantare.com.br\/es\/wp-json\/wp\/v2\/pages\/1488\/revisions\/1492"}],"up":[{"embeddable":true,"href":"https:\/\/piantare.com.br\/es\/wp-json\/wp\/v2\/pages\/1457"}],"wp:attachment":[{"href":"https:\/\/piantare.com.br\/es\/wp-json\/wp\/v2\/media?parent=1488"}],"curies":[{"name":"wp","href":"https:\/\/api.w.org\/{rel}","templated":true}]}}