{"id":1475,"date":"2025-11-14T08:43:43","date_gmt":"2025-11-14T11:43:43","guid":{"rendered":"https:\/\/piantare.com.br\/?page_id=1475"},"modified":"2025-12-13T20:12:09","modified_gmt":"2025-12-13T23:12:09","slug":"berries","status":"publish","type":"page","link":"https:\/\/piantare.com.br\/es\/productos\/berries\/","title":{"rendered":"Berries"},"content":{"rendered":"\t\t<div data-elementor-type=\"wp-page\" data-elementor-id=\"1475\" class=\"elementor elementor-1475 elementor-627\" data-elementor-settings=\"{&quot;ha_cmc_init_switcher&quot;:&quot;no&quot;}\" data-elementor-post-type=\"page\">\n\t\t\t\t<div class=\"elementor-element elementor-element-f1c25e2 e-con-full e-flex e-con e-parent\" data-id=\"f1c25e2\" data-element_type=\"container\" data-settings=\"{&quot;background_background&quot;:&quot;classic&quot;,&quot;_ha_eqh_enable&quot;:false}\">\n\t\t<div class=\"elementor-element elementor-element-73cd487 e-flex e-con-boxed e-con e-child\" data-id=\"73cd487\" data-element_type=\"container\" data-settings=\"{&quot;_ha_eqh_enable&quot;:false}\">\n\t\t\t\t\t<div class=\"e-con-inner\">\n\t\t\t\t<div class=\"elementor-element elementor-element-70f5205 elementor-widget elementor-widget-heading\" data-id=\"70f5205\" data-element_type=\"widget\" data-widget_type=\"heading.default\">\n\t\t\t\t\t<h1 class=\"elementor-heading-title elementor-size-default\">Berries<\/h1>\t\t\t\t<\/div>\n\t\t\t\t\t<\/div>\n\t\t\t\t<\/div>\n\t\t\t\t<\/div>\n\t\t<div class=\"elementor-element elementor-element-1541a2f e-flex e-con-boxed e-con e-parent\" data-id=\"1541a2f\" data-element_type=\"container\" data-settings=\"{&quot;background_background&quot;:&quot;classic&quot;,&quot;_ha_eqh_enable&quot;:false}\">\n\t\t\t\t\t<div class=\"e-con-inner\">\n\t\t<div class=\"elementor-element elementor-element-7c9fb54 e-con-full e-flex e-con e-child\" data-id=\"7c9fb54\" data-element_type=\"container\" data-settings=\"{&quot;_ha_eqh_enable&quot;:false}\">\n\t\t<div class=\"elementor-element elementor-element-998f508 e-con-full e-flex e-con e-child\" data-id=\"998f508\" data-element_type=\"container\" data-settings=\"{&quot;_ha_eqh_enable&quot;:false}\">\n\t\t<div class=\"elementor-element elementor-element-9ce3034 e-con-full e-flex e-con e-child\" data-id=\"9ce3034\" data-element_type=\"container\" data-settings=\"{&quot;_ha_eqh_enable&quot;:false}\">\n\t\t<div class=\"elementor-element elementor-element-e780e1c e-con-full e-flex e-con e-child\" data-id=\"e780e1c\" data-element_type=\"container\" data-settings=\"{&quot;_ha_eqh_enable&quot;:false}\">\n\t\t<div class=\"elementor-element elementor-element-1629e0d e-con-full e-flex e-con e-child\" data-id=\"1629e0d\" data-element_type=\"container\" data-settings=\"{&quot;background_background&quot;:&quot;slideshow&quot;,&quot;background_slideshow_gallery&quot;:[{&quot;id&quot;:1159,&quot;url&quot;:&quot;https:\\\/\\\/piantare.com.br\\\/\\\/wp-content\\\/uploads\\\/2025\\\/11\\\/cumbuca-de-morango.jpeg&quot;},{&quot;id&quot;:1161,&quot;url&quot;:&quot;https:\\\/\\\/piantare.com.br\\\/\\\/wp-content\\\/uploads\\\/2025\\\/11\\\/Caixa-de-morangos-1.png&quot;}],&quot;background_slideshow_loop&quot;:&quot;yes&quot;,&quot;background_slideshow_slide_duration&quot;:5000,&quot;background_slideshow_slide_transition&quot;:&quot;fade&quot;,&quot;background_slideshow_transition_duration&quot;:500,&quot;_ha_eqh_enable&quot;:false}\">\n\t\t\t\t<\/div>\n\t\t<div class=\"elementor-element elementor-element-8b7a53d e-con-full e-flex e-con e-child\" data-id=\"8b7a53d\" data-element_type=\"container\" data-settings=\"{&quot;background_background&quot;:&quot;classic&quot;,&quot;_ha_eqh_enable&quot;:false}\">\n\t\t\t\t<div class=\"elementor-element elementor-element-e699483 elementor-widget elementor-widget-heading\" data-id=\"e699483\" data-element_type=\"widget\" data-widget_type=\"heading.default\">\n\t\t\t\t\t<h3 class=\"elementor-heading-title elementor-size-default\">Fresa<\/h3>\t\t\t\t<\/div>\n\t\t\t\t<div class=\"elementor-element elementor-element-f17245d elementor-widget elementor-widget-text-editor\" data-id=\"f17245d\" data-element_type=\"widget\" data-widget_type=\"text-editor.default\">\n\t\t\t\t\t\t\t\t\t<p>La fresa es una superfruta de clima templado reconocida por su alto contenido de antioxidantes como antocianinas y vitamina C, adem\u00e1s de fibra soluble y compuestos fen\u00f3licos. Su color vibrante, sabor distintivo y versatilidad culinaria la convierten en un producto de alto atractivo comercial.<\/p><p>En la Serra do Tombador, las fresas se suministran en bandejas de 250 g, en cajas de 1,5 kg.<\/p>\t\t\t\t\t\t\t\t<\/div>\n\t\t\t\t<\/div>\n\t\t\t\t<\/div>\n\t\t\t\t<\/div>\n\t\t<div class=\"elementor-element elementor-element-5aadcbf e-con-full e-flex e-con e-child\" data-id=\"5aadcbf\" data-element_type=\"container\" data-settings=\"{&quot;_ha_eqh_enable&quot;:false}\">\n\t\t<div class=\"elementor-element elementor-element-4d3bc4d e-con-full e-flex e-con e-child\" data-id=\"4d3bc4d\" data-element_type=\"container\" data-settings=\"{&quot;_ha_eqh_enable&quot;:false}\">\n\t\t<div class=\"elementor-element elementor-element-5c5e5a9 e-con-full e-flex e-con e-child\" data-id=\"5c5e5a9\" data-element_type=\"container\" data-settings=\"{&quot;background_background&quot;:&quot;slideshow&quot;,&quot;background_slideshow_gallery&quot;:[{&quot;id&quot;:1167,&quot;url&quot;:&quot;https:\\\/\\\/piantare.com.br\\\/\\\/wp-content\\\/uploads\\\/2025\\\/11\\\/cumbuca-de-amora-e1763121691378.jpeg&quot;},{&quot;id&quot;:1165,&quot;url&quot;:&quot;https:\\\/\\\/piantare.com.br\\\/\\\/wp-content\\\/uploads\\\/2025\\\/11\\\/caixa-de-amora.jpeg&quot;},{&quot;id&quot;:1163,&quot;url&quot;:&quot;https:\\\/\\\/piantare.com.br\\\/\\\/wp-content\\\/uploads\\\/2025\\\/11\\\/Amora-site.jpg&quot;}],&quot;background_slideshow_loop&quot;:&quot;yes&quot;,&quot;background_slideshow_slide_duration&quot;:5000,&quot;background_slideshow_slide_transition&quot;:&quot;fade&quot;,&quot;background_slideshow_transition_duration&quot;:500,&quot;_ha_eqh_enable&quot;:false}\">\n\t\t\t\t<\/div>\n\t\t<div class=\"elementor-element elementor-element-aeea217 e-con-full e-flex e-con e-child\" data-id=\"aeea217\" data-element_type=\"container\" data-settings=\"{&quot;background_background&quot;:&quot;classic&quot;,&quot;_ha_eqh_enable&quot;:false}\">\n\t\t\t\t<div class=\"elementor-element elementor-element-7399090 elementor-widget elementor-widget-heading\" data-id=\"7399090\" data-element_type=\"widget\" data-widget_type=\"heading.default\">\n\t\t\t\t\t<h3 class=\"elementor-heading-title elementor-size-default\">Zarzamora\n<\/h3>\t\t\t\t<\/div>\n\t\t\t\t<div class=\"elementor-element elementor-element-24fc2df elementor-widget elementor-widget-text-editor\" data-id=\"24fc2df\" data-element_type=\"widget\" data-widget_type=\"text-editor.default\">\n\t\t\t\t\t\t\t\t\t<p>La zarzamora es rica en antocianinas, vitamina C, hierro y fibra, con probado potencial antioxidante y antiinflamatorio. Su perfil nutricional favorece la salud cardiovascular y ayuda a retrasar el envejecimiento celular.<\/p><p>En la Serra do Tombador, las zarzamoras se suministran en bandejas de 100 g, en cajas de 1,2 kg.<\/p>\t\t\t\t\t\t\t\t<\/div>\n\t\t\t\t<\/div>\n\t\t\t\t<\/div>\n\t\t\t\t<\/div>\n\t\t<div class=\"elementor-element elementor-element-21e07e2 e-con-full e-flex e-con e-child\" data-id=\"21e07e2\" data-element_type=\"container\" data-settings=\"{&quot;_ha_eqh_enable&quot;:false}\">\n\t\t<div class=\"elementor-element elementor-element-0a5f860 e-con-full e-flex e-con e-child\" data-id=\"0a5f860\" data-element_type=\"container\" data-settings=\"{&quot;_ha_eqh_enable&quot;:false}\">\n\t\t<div class=\"elementor-element elementor-element-cbce51c e-con-full e-flex e-con e-child\" data-id=\"cbce51c\" data-element_type=\"container\" data-settings=\"{&quot;background_background&quot;:&quot;slideshow&quot;,&quot;background_slideshow_gallery&quot;:[{&quot;id&quot;:1171,&quot;url&quot;:&quot;https:\\\/\\\/piantare.com.br\\\/\\\/wp-content\\\/uploads\\\/2025\\\/11\\\/cumbuca-de-mirtilo.jpeg&quot;},{&quot;id&quot;:1169,&quot;url&quot;:&quot;https:\\\/\\\/piantare.com.br\\\/\\\/wp-content\\\/uploads\\\/2025\\\/11\\\/caixa-de-mirtilo.jpeg&quot;}],&quot;background_slideshow_loop&quot;:&quot;yes&quot;,&quot;background_slideshow_slide_duration&quot;:5000,&quot;background_slideshow_slide_transition&quot;:&quot;fade&quot;,&quot;background_slideshow_transition_duration&quot;:500,&quot;_ha_eqh_enable&quot;:false}\">\n\t\t\t\t<\/div>\n\t\t<div class=\"elementor-element elementor-element-04c36b8 e-con-full e-flex e-con e-child\" data-id=\"04c36b8\" data-element_type=\"container\" data-settings=\"{&quot;background_background&quot;:&quot;classic&quot;,&quot;_ha_eqh_enable&quot;:false}\">\n\t\t\t\t<div class=\"elementor-element elementor-element-6c77a34 elementor-widget elementor-widget-heading\" data-id=\"6c77a34\" data-element_type=\"widget\" data-widget_type=\"heading.default\">\n\t\t\t\t\t<h3 class=\"elementor-heading-title elementor-size-default\">Ar\u00e1ndano Azul (Blueberry)\n<\/h3>\t\t\t\t<\/div>\n\t\t\t\t<div class=\"elementor-element elementor-element-a3a8c99 elementor-widget elementor-widget-text-editor\" data-id=\"a3a8c99\" data-element_type=\"widget\" data-widget_type=\"text-editor.default\">\n\t\t\t\t\t\t\t\t\t<p>El ar\u00e1ndano azul es considerado una de las superfrutas m\u00e1s completas desde el punto de vista funcional y nutricional. Su alta concentraci\u00f3n de antocianinas, vitamina C, manganeso y polifenoles le otorga una gran capacidad antioxidante.<\/p><p>En la Serra do Tombador, los ar\u00e1ndanos se suministran en bandejas de 100 g, en cajas de 1,2 kg.<\/p>\t\t\t\t\t\t\t\t<\/div>\n\t\t\t\t<\/div>\n\t\t\t\t<\/div>\n\t\t\t\t<\/div>\n\t\t<div class=\"elementor-element elementor-element-d44c8a3 e-con-full e-flex e-con e-child\" data-id=\"d44c8a3\" data-element_type=\"container\" data-settings=\"{&quot;_ha_eqh_enable&quot;:false}\">\n\t\t<div class=\"elementor-element elementor-element-dabd2c3 e-con-full e-flex e-con e-child\" data-id=\"dabd2c3\" data-element_type=\"container\" data-settings=\"{&quot;_ha_eqh_enable&quot;:false}\">\n\t\t<div class=\"elementor-element elementor-element-f3f447f e-con-full e-flex e-con e-child\" data-id=\"f3f447f\" data-element_type=\"container\" data-settings=\"{&quot;background_background&quot;:&quot;slideshow&quot;,&quot;background_slideshow_gallery&quot;:[{&quot;id&quot;:1179,&quot;url&quot;:&quot;https:\\\/\\\/piantare.com.br\\\/\\\/wp-content\\\/uploads\\\/2025\\\/11\\\/cumbuca-de-phisalys.jpeg&quot;},{&quot;id&quot;:1177,&quot;url&quot;:&quot;https:\\\/\\\/piantare.com.br\\\/\\\/wp-content\\\/uploads\\\/2025\\\/11\\\/caixa-de-phisalys.jpeg&quot;}],&quot;background_slideshow_loop&quot;:&quot;yes&quot;,&quot;background_slideshow_slide_duration&quot;:5000,&quot;background_slideshow_slide_transition&quot;:&quot;fade&quot;,&quot;background_slideshow_transition_duration&quot;:500,&quot;_ha_eqh_enable&quot;:false}\">\n\t\t\t\t<\/div>\n\t\t<div class=\"elementor-element elementor-element-e21fb39 e-con-full e-flex e-con e-child\" data-id=\"e21fb39\" data-element_type=\"container\" data-settings=\"{&quot;background_background&quot;:&quot;classic&quot;,&quot;_ha_eqh_enable&quot;:false}\">\n\t\t\t\t<div class=\"elementor-element elementor-element-7e6a88d elementor-widget elementor-widget-heading\" data-id=\"7e6a88d\" data-element_type=\"widget\" data-widget_type=\"heading.default\">\n\t\t\t\t\t<h3 class=\"elementor-heading-title elementor-size-default\">Physalis<\/h3>\t\t\t\t<\/div>\n\t\t\t\t<div class=\"elementor-element elementor-element-69eb47e elementor-widget elementor-widget-text-editor\" data-id=\"69eb47e\" data-element_type=\"widget\" data-widget_type=\"text-editor.default\">\n\t\t\t\t\t\t\t\t\t<p>La physalis es una superfruta ex\u00f3tica y altamente nutritiva, rica en vitaminas A, C y complejo B, adem\u00e1s de carotenoides, polifenoles y fibra alimentaria. Destaca en los mercados gourmet y nutrac\u00e9uticos por su sabor \u00fanico y apariencia ornamental.<\/p><p>En la Serra do Tombador, se suministra en bandejas de 100 g, en cajas de 1,2 kg.<\/p>\t\t\t\t\t\t\t\t<\/div>\n\t\t\t\t<\/div>\n\t\t\t\t<\/div>\n\t\t\t\t<\/div>\n\t\t<div class=\"elementor-element elementor-element-52a1265 e-con-full e-flex e-con e-child\" data-id=\"52a1265\" data-element_type=\"container\" data-settings=\"{&quot;_ha_eqh_enable&quot;:false}\">\n\t\t<div class=\"elementor-element elementor-element-f64d2ae e-con-full e-flex e-con e-child\" data-id=\"f64d2ae\" data-element_type=\"container\" data-settings=\"{&quot;_ha_eqh_enable&quot;:false}\">\n\t\t<div class=\"elementor-element elementor-element-b593c02 e-con-full e-flex e-con e-child\" data-id=\"b593c02\" data-element_type=\"container\" data-settings=\"{&quot;background_background&quot;:&quot;slideshow&quot;,&quot;background_slideshow_gallery&quot;:[{&quot;id&quot;:1173,&quot;url&quot;:&quot;https:\\\/\\\/piantare.com.br\\\/\\\/wp-content\\\/uploads\\\/2025\\\/11\\\/cumbuca-de-framboesa.jpeg&quot;},{&quot;id&quot;:1175,&quot;url&quot;:&quot;https:\\\/\\\/piantare.com.br\\\/\\\/wp-content\\\/uploads\\\/2025\\\/11\\\/caixa-de-framboesa.jpeg&quot;}],&quot;background_slideshow_loop&quot;:&quot;yes&quot;,&quot;background_slideshow_slide_duration&quot;:5000,&quot;background_slideshow_slide_transition&quot;:&quot;fade&quot;,&quot;background_slideshow_transition_duration&quot;:500,&quot;_ha_eqh_enable&quot;:false}\">\n\t\t\t\t<\/div>\n\t\t<div class=\"elementor-element elementor-element-9b815db e-con-full e-flex e-con e-child\" data-id=\"9b815db\" data-element_type=\"container\" data-settings=\"{&quot;background_background&quot;:&quot;classic&quot;,&quot;_ha_eqh_enable&quot;:false}\">\n\t\t\t\t<div class=\"elementor-element elementor-element-2734461 elementor-widget elementor-widget-heading\" data-id=\"2734461\" data-element_type=\"widget\" data-widget_type=\"heading.default\">\n\t\t\t\t\t<h3 class=\"elementor-heading-title elementor-size-default\">Frambuesa<\/h3>\t\t\t\t<\/div>\n\t\t\t\t<div class=\"elementor-element elementor-element-1db16b4 elementor-widget elementor-widget-text-editor\" data-id=\"1db16b4\" data-element_type=\"widget\" data-widget_type=\"text-editor.default\">\n\t\t\t\t\t\t\t\t\t<p>La frambuesa es una superfruta de alta densidad nutricional, rica en antocianinas, vitamina C, \u00e1cido el\u00e1gico y fibra soluble. Su sabor delicadamente \u00e1cido y aroma distintivo la convierten en un producto de gran valor en mercados premium y de alimentaci\u00f3n saludable.<\/p><p>En la Serra do Tombador, se suministra en bandejas de 100 g, en cajas de 1,2 kg.<\/p>\t\t\t\t\t\t\t\t<\/div>\n\t\t\t\t<\/div>\n\t\t\t\t<\/div>\n\t\t\t\t<\/div>\n\t\t\t\t<\/div>\n\t\t\t\t<\/div>\n\t\t\t\t\t<\/div>\n\t\t\t\t<\/div>\n\t\t\t\t<\/div>\n\t\t","protected":false},"excerpt":{"rendered":"<p>Berries Fresa La fresa es una superfruta de clima templado reconocida por su alto contenido de antioxidantes como antocianinas y vitamina C, adem\u00e1s de fibra soluble y compuestos fen\u00f3licos. Su color vibrante, sabor distintivo y versatilidad culinaria la convierten en un producto de alto atractivo comercial. En la Serra do Tombador, las fresas se suministran [&hellip;]<\/p>\n","protected":false},"author":1,"featured_media":0,"parent":1457,"menu_order":0,"comment_status":"closed","ping_status":"closed","template":"elementor_header_footer","meta":{"footnotes":""},"class_list":["post-1475","page","type-page","status-publish","hentry"],"_links":{"self":[{"href":"https:\/\/piantare.com.br\/es\/wp-json\/wp\/v2\/pages\/1475","targetHints":{"allow":["GET"]}}],"collection":[{"href":"https:\/\/piantare.com.br\/es\/wp-json\/wp\/v2\/pages"}],"about":[{"href":"https:\/\/piantare.com.br\/es\/wp-json\/wp\/v2\/types\/page"}],"author":[{"embeddable":true,"href":"https:\/\/piantare.com.br\/es\/wp-json\/wp\/v2\/users\/1"}],"replies":[{"embeddable":true,"href":"https:\/\/piantare.com.br\/es\/wp-json\/wp\/v2\/comments?post=1475"}],"version-history":[{"count":4,"href":"https:\/\/piantare.com.br\/es\/wp-json\/wp\/v2\/pages\/1475\/revisions"}],"predecessor-version":[{"id":1479,"href":"https:\/\/piantare.com.br\/es\/wp-json\/wp\/v2\/pages\/1475\/revisions\/1479"}],"up":[{"embeddable":true,"href":"https:\/\/piantare.com.br\/es\/wp-json\/wp\/v2\/pages\/1457"}],"wp:attachment":[{"href":"https:\/\/piantare.com.br\/es\/wp-json\/wp\/v2\/media?parent=1475"}],"curies":[{"name":"wp","href":"https:\/\/api.w.org\/{rel}","templated":true}]}}