{"id":1467,"date":"2025-11-13T23:52:52","date_gmt":"2025-11-14T02:52:52","guid":{"rendered":"https:\/\/piantare.com.br\/?page_id=1467"},"modified":"2025-12-13T20:08:13","modified_gmt":"2025-12-13T23:08:13","slug":"superfrutas-tropicales","status":"publish","type":"page","link":"https:\/\/piantare.com.br\/es\/productos\/superfrutas-tropicales\/","title":{"rendered":"Superfrutas Tropicales"},"content":{"rendered":"\t\t<div data-elementor-type=\"wp-page\" data-elementor-id=\"1467\" class=\"elementor elementor-1467 elementor-553\" data-elementor-settings=\"{&quot;ha_cmc_init_switcher&quot;:&quot;no&quot;}\" data-elementor-post-type=\"page\">\n\t\t\t\t<div class=\"elementor-element elementor-element-f1c25e2 e-con-full e-flex e-con e-parent\" data-id=\"f1c25e2\" data-element_type=\"container\" data-settings=\"{&quot;background_background&quot;:&quot;classic&quot;,&quot;_ha_eqh_enable&quot;:false}\">\n\t\t<div class=\"elementor-element elementor-element-73cd487 e-flex e-con-boxed e-con e-child\" data-id=\"73cd487\" data-element_type=\"container\" data-settings=\"{&quot;_ha_eqh_enable&quot;:false}\">\n\t\t\t\t\t<div class=\"e-con-inner\">\n\t\t\t\t<div class=\"elementor-element elementor-element-70f5205 elementor-widget elementor-widget-heading\" data-id=\"70f5205\" data-element_type=\"widget\" data-widget_type=\"heading.default\">\n\t\t\t\t\t<h1 class=\"elementor-heading-title elementor-size-default\">Superfrutas Tropicales\n<\/h1>\t\t\t\t<\/div>\n\t\t\t\t\t<\/div>\n\t\t\t\t<\/div>\n\t\t\t\t<\/div>\n\t\t<div class=\"elementor-element elementor-element-1541a2f e-flex e-con-boxed e-con e-parent\" data-id=\"1541a2f\" data-element_type=\"container\" data-settings=\"{&quot;background_background&quot;:&quot;classic&quot;,&quot;_ha_eqh_enable&quot;:false}\">\n\t\t\t\t\t<div class=\"e-con-inner\">\n\t\t<div class=\"elementor-element elementor-element-7c9fb54 e-con-full e-flex e-con e-child\" data-id=\"7c9fb54\" data-element_type=\"container\" data-settings=\"{&quot;_ha_eqh_enable&quot;:false}\">\n\t\t<div class=\"elementor-element elementor-element-998f508 e-con-full e-flex e-con e-child\" data-id=\"998f508\" data-element_type=\"container\" data-settings=\"{&quot;_ha_eqh_enable&quot;:false}\">\n\t\t<div class=\"elementor-element elementor-element-9ce3034 e-con-full e-flex e-con e-child\" data-id=\"9ce3034\" data-element_type=\"container\" data-settings=\"{&quot;_ha_eqh_enable&quot;:false}\">\n\t\t<div class=\"elementor-element elementor-element-e780e1c e-con-full e-flex e-con e-child\" data-id=\"e780e1c\" data-element_type=\"container\" data-settings=\"{&quot;_ha_eqh_enable&quot;:false}\">\n\t\t<div class=\"elementor-element elementor-element-1629e0d e-con-full e-flex e-con e-child\" data-id=\"1629e0d\" data-element_type=\"container\" data-settings=\"{&quot;background_background&quot;:&quot;slideshow&quot;,&quot;background_slideshow_gallery&quot;:[{&quot;id&quot;:1149,&quot;url&quot;:&quot;https:\\\/\\\/piantare.com.br\\\/\\\/wp-content\\\/uploads\\\/2025\\\/11\\\/Avocado-premium-frutika.png&quot;},{&quot;id&quot;:1147,&quot;url&quot;:&quot;https:\\\/\\\/piantare.com.br\\\/\\\/wp-content\\\/uploads\\\/2025\\\/11\\\/Caixa-de-avocado-Copia.png&quot;}],&quot;background_slideshow_loop&quot;:&quot;yes&quot;,&quot;background_slideshow_slide_duration&quot;:5000,&quot;background_slideshow_slide_transition&quot;:&quot;fade&quot;,&quot;background_slideshow_transition_duration&quot;:500,&quot;_ha_eqh_enable&quot;:false}\">\n\t\t\t\t<\/div>\n\t\t<div class=\"elementor-element elementor-element-8b7a53d e-con-full e-flex e-con e-child\" data-id=\"8b7a53d\" data-element_type=\"container\" data-settings=\"{&quot;background_background&quot;:&quot;classic&quot;,&quot;_ha_eqh_enable&quot;:false}\">\n\t\t\t\t<div class=\"elementor-element elementor-element-e699483 elementor-widget elementor-widget-heading\" data-id=\"e699483\" data-element_type=\"widget\" data-widget_type=\"heading.default\">\n\t\t\t\t\t<h3 class=\"elementor-heading-title elementor-size-default\">Aguacate Hass\n<\/h3>\t\t\t\t<\/div>\n\t\t\t\t<div class=\"elementor-element elementor-element-f17245d elementor-widget elementor-widget-text-editor\" data-id=\"f17245d\" data-element_type=\"widget\" data-widget_type=\"text-editor.default\">\n\t\t\t\t\t\t\t\t\t<p>El aguacate Hass es una variedad m\u00e1s peque\u00f1a, con mayor contenido de aceite y textura m\u00e1s cremosa, muy valorado en el mercado internacional por su alto valor nutricional y sabor suave. Es considerado una superfruta debido a su composici\u00f3n rica en grasas monoinsaturadas, vitaminas E, C, K y del complejo B, adem\u00e1s de potasio, fibra y antioxidantes. Estas propiedades apoyan la salud cardiovascular, ayudan a regular el colesterol y fortalecen el sistema inmunol\u00f3gico.<\/p><p>En la Serra do Tombador, el aguacate se suministra en cajas de 4 kg.<\/p>\t\t\t\t\t\t\t\t<\/div>\n\t\t\t\t<\/div>\n\t\t\t\t<\/div>\n\t\t\t\t<\/div>\n\t\t<div class=\"elementor-element elementor-element-5aadcbf e-con-full e-flex e-con e-child\" data-id=\"5aadcbf\" data-element_type=\"container\" data-settings=\"{&quot;_ha_eqh_enable&quot;:false}\">\n\t\t<div class=\"elementor-element elementor-element-4d3bc4d e-con-full e-flex e-con e-child\" data-id=\"4d3bc4d\" data-element_type=\"container\" data-settings=\"{&quot;_ha_eqh_enable&quot;:false}\">\n\t\t<div class=\"elementor-element elementor-element-5c5e5a9 e-con-full e-flex e-con e-child\" data-id=\"5c5e5a9\" data-element_type=\"container\" data-settings=\"{&quot;background_background&quot;:&quot;slideshow&quot;,&quot;background_slideshow_gallery&quot;:[{&quot;id&quot;:1153,&quot;url&quot;:&quot;https:\\\/\\\/piantare.com.br\\\/\\\/wp-content\\\/uploads\\\/2025\\\/11\\\/Caixa-de-pitaya.png&quot;}],&quot;background_slideshow_loop&quot;:&quot;yes&quot;,&quot;background_slideshow_slide_duration&quot;:5000,&quot;background_slideshow_slide_transition&quot;:&quot;fade&quot;,&quot;background_slideshow_transition_duration&quot;:500,&quot;_ha_eqh_enable&quot;:false}\">\n\t\t\t\t<\/div>\n\t\t<div class=\"elementor-element elementor-element-aeea217 e-con-full e-flex e-con e-child\" data-id=\"aeea217\" data-element_type=\"container\" data-settings=\"{&quot;background_background&quot;:&quot;classic&quot;,&quot;_ha_eqh_enable&quot;:false}\">\n\t\t\t\t<div class=\"elementor-element elementor-element-7399090 elementor-widget elementor-widget-heading\" data-id=\"7399090\" data-element_type=\"widget\" data-widget_type=\"heading.default\">\n\t\t\t\t\t<h3 class=\"elementor-heading-title elementor-size-default\">Pitaya<\/h3>\t\t\t\t<\/div>\n\t\t\t\t<div class=\"elementor-element elementor-element-24fc2df elementor-widget elementor-widget-text-editor\" data-id=\"24fc2df\" data-element_type=\"widget\" data-widget_type=\"text-editor.default\">\n\t\t\t\t\t\t\t\t\t<p>La pitaya, tambi\u00e9n llamada fruta del drag\u00f3n, es una superfruta tropical de alto valor, reconocida por su pulpa delicada, sabor ligeramente dulce y alta densidad nutricional. Rica en antioxidantes naturales, vitamina C, fibra soluble y betala\u00ednas, contribuye a la salud intestinal, al fortalecimiento del sistema inmunol\u00f3gico y a la acci\u00f3n antiinflamatoria del organismo.<\/p><p>En la Serra do Tombador, las pitayas se suministran en envases de 4 a 6 kg, seg\u00fan la exigencia del minorista.<\/p>\t\t\t\t\t\t\t\t<\/div>\n\t\t\t\t<\/div>\n\t\t\t\t<\/div>\n\t\t\t\t<\/div>\n\t\t<div class=\"elementor-element elementor-element-21e07e2 e-con-full e-flex e-con e-child\" data-id=\"21e07e2\" data-element_type=\"container\" data-settings=\"{&quot;_ha_eqh_enable&quot;:false}\">\n\t\t<div class=\"elementor-element elementor-element-0a5f860 e-con-full e-flex e-con e-child\" data-id=\"0a5f860\" data-element_type=\"container\" data-settings=\"{&quot;_ha_eqh_enable&quot;:false}\">\n\t\t<div class=\"elementor-element elementor-element-cbce51c e-con-full e-flex e-con e-child\" data-id=\"cbce51c\" data-element_type=\"container\" data-settings=\"{&quot;background_background&quot;:&quot;slideshow&quot;,&quot;background_slideshow_gallery&quot;:[{&quot;id&quot;:1155,&quot;url&quot;:&quot;https:\\\/\\\/piantare.com.br\\\/\\\/wp-content\\\/uploads\\\/2025\\\/11\\\/Caixa-de-tangerina-ponkan-Copia-1.png&quot;}],&quot;background_slideshow_loop&quot;:&quot;yes&quot;,&quot;background_slideshow_slide_duration&quot;:5000,&quot;background_slideshow_slide_transition&quot;:&quot;fade&quot;,&quot;background_slideshow_transition_duration&quot;:500,&quot;_ha_eqh_enable&quot;:false}\">\n\t\t\t\t<\/div>\n\t\t<div class=\"elementor-element elementor-element-04c36b8 e-con-full e-flex e-con e-child\" data-id=\"04c36b8\" data-element_type=\"container\" data-settings=\"{&quot;background_background&quot;:&quot;classic&quot;,&quot;_ha_eqh_enable&quot;:false}\">\n\t\t\t\t<div class=\"elementor-element elementor-element-6c77a34 elementor-widget elementor-widget-heading\" data-id=\"6c77a34\" data-element_type=\"widget\" data-widget_type=\"heading.default\">\n\t\t\t\t\t<h3 class=\"elementor-heading-title elementor-size-default\">Mandarina Ponkan\n<\/h3>\t\t\t\t<\/div>\n\t\t\t\t<div class=\"elementor-element elementor-element-a3a8c99 elementor-widget elementor-widget-text-editor\" data-id=\"a3a8c99\" data-element_type=\"widget\" data-widget_type=\"text-editor.default\">\n\t\t\t\t\t\t\t\t\t<p>La mandarina es una superfruta c\u00edtrica apreciada por su alta concentraci\u00f3n de vitamina C, aceites esenciales y antioxidantes naturales. Su bajo contenido cal\u00f3rico y su elevada proporci\u00f3n de fibra soluble favorecen la digesti\u00f3n, el equilibrio metab\u00f3lico y el bienestar general.<\/p><p>En la Serra do Tombador, las mandarinas se suministran en cajas de 4 kg.<\/p>\t\t\t\t\t\t\t\t<\/div>\n\t\t\t\t<\/div>\n\t\t\t\t<\/div>\n\t\t\t\t<\/div>\n\t\t\t\t<\/div>\n\t\t\t\t<\/div>\n\t\t\t\t\t<\/div>\n\t\t\t\t<\/div>\n\t\t\t\t<\/div>\n\t\t","protected":false},"excerpt":{"rendered":"<p>Superfrutas Tropicales Aguacate Hass El aguacate Hass es una variedad m\u00e1s peque\u00f1a, con mayor contenido de aceite y textura m\u00e1s cremosa, muy valorado en el mercado internacional por su alto valor nutricional y sabor suave. Es considerado una superfruta debido a su composici\u00f3n rica en grasas monoinsaturadas, vitaminas E, C, K y del complejo B, [&hellip;]<\/p>\n","protected":false},"author":1,"featured_media":0,"parent":1457,"menu_order":0,"comment_status":"closed","ping_status":"closed","template":"elementor_header_footer","meta":{"footnotes":""},"class_list":["post-1467","page","type-page","status-publish","hentry"],"_links":{"self":[{"href":"https:\/\/piantare.com.br\/es\/wp-json\/wp\/v2\/pages\/1467","targetHints":{"allow":["GET"]}}],"collection":[{"href":"https:\/\/piantare.com.br\/es\/wp-json\/wp\/v2\/pages"}],"about":[{"href":"https:\/\/piantare.com.br\/es\/wp-json\/wp\/v2\/types\/page"}],"author":[{"embeddable":true,"href":"https:\/\/piantare.com.br\/es\/wp-json\/wp\/v2\/users\/1"}],"replies":[{"embeddable":true,"href":"https:\/\/piantare.com.br\/es\/wp-json\/wp\/v2\/comments?post=1467"}],"version-history":[{"count":7,"href":"https:\/\/piantare.com.br\/es\/wp-json\/wp\/v2\/pages\/1467\/revisions"}],"predecessor-version":[{"id":1474,"href":"https:\/\/piantare.com.br\/es\/wp-json\/wp\/v2\/pages\/1467\/revisions\/1474"}],"up":[{"embeddable":true,"href":"https:\/\/piantare.com.br\/es\/wp-json\/wp\/v2\/pages\/1457"}],"wp:attachment":[{"href":"https:\/\/piantare.com.br\/es\/wp-json\/wp\/v2\/media?parent=1467"}],"curies":[{"name":"wp","href":"https:\/\/api.w.org\/{rel}","templated":true}]}}