{"id":1462,"date":"2025-11-13T23:33:00","date_gmt":"2025-11-14T02:33:00","guid":{"rendered":"https:\/\/piantare.com.br\/?page_id=1462"},"modified":"2025-12-13T20:04:12","modified_gmt":"2025-12-13T23:04:12","slug":"superfrutas","status":"publish","type":"page","link":"https:\/\/piantare.com.br\/es\/superfrutas\/","title":{"rendered":"Superfrutas"},"content":{"rendered":"\t\t<div data-elementor-type=\"wp-page\" data-elementor-id=\"1462\" class=\"elementor elementor-1462 elementor-531\" data-elementor-settings=\"{&quot;ha_cmc_init_switcher&quot;:&quot;no&quot;}\" data-elementor-post-type=\"page\">\n\t\t\t\t<div class=\"elementor-element elementor-element-f1c25e2 e-con-full e-flex e-con e-parent\" data-id=\"f1c25e2\" data-element_type=\"container\" data-settings=\"{&quot;background_background&quot;:&quot;classic&quot;,&quot;_ha_eqh_enable&quot;:false}\">\n\t\t<div class=\"elementor-element elementor-element-73cd487 e-flex e-con-boxed e-con e-child\" data-id=\"73cd487\" data-element_type=\"container\" data-settings=\"{&quot;_ha_eqh_enable&quot;:false}\">\n\t\t\t\t\t<div class=\"e-con-inner\">\n\t\t\t\t<div class=\"elementor-element elementor-element-70f5205 elementor-widget elementor-widget-heading\" data-id=\"70f5205\" data-element_type=\"widget\" data-widget_type=\"heading.default\">\n\t\t\t\t\t<h1 class=\"elementor-heading-title elementor-size-default\">Superfrutas\n<\/h1>\t\t\t\t<\/div>\n\t\t\t\t\t<\/div>\n\t\t\t\t<\/div>\n\t\t\t\t<\/div>\n\t\t<div class=\"elementor-element elementor-element-f3a7985 e-flex e-con-boxed e-con e-parent\" data-id=\"f3a7985\" data-element_type=\"container\" data-settings=\"{&quot;_ha_eqh_enable&quot;:false}\">\n\t\t\t\t\t<div class=\"e-con-inner\">\n\t\t\t\t<div class=\"elementor-element elementor-element-c6ec095 elementor-widget elementor-widget-text-editor\" data-id=\"c6ec095\" data-element_type=\"widget\" data-widget_type=\"text-editor.default\">\n\t\t\t\t\t\t\t\t\t<p>En todo el mundo, el t\u00e9rmino <b><i>superfrutas<\/i><\/b> surgi\u00f3 a partir de investigaciones cient\u00edficas y tendencias de mercado que destacan frutas con alt\u00edsima densidad nutricional y funcionalidad biol\u00f3gica \u2014 es decir, frutas con concentraciones elevadas de antioxidantes, vitaminas, minerales y compuestos bioactivos con beneficios comprobados para la salud.<\/p><p>El concepto se consolid\u00f3 en la industria alimentaria y en la nutrici\u00f3n funcional, especialmente a partir de los a\u00f1os 2000, cuando los estudios comenzaron a asociar el consumo de estas frutas con la prevenci\u00f3n de enfermedades cr\u00f3nicas, el fortalecimiento del sistema inmunol\u00f3gico y la desaceleraci\u00f3n del envejecimiento celular.<\/p>\t\t\t\t\t\t\t\t<\/div>\n\t\t\t\t\t<\/div>\n\t\t\t\t<\/div>\n\t\t<div class=\"elementor-element elementor-element-cbca5d9 e-flex e-con-boxed e-con e-parent\" data-id=\"cbca5d9\" data-element_type=\"container\" data-settings=\"{&quot;background_background&quot;:&quot;classic&quot;,&quot;_ha_eqh_enable&quot;:false}\">\n\t\t\t\t\t<div class=\"e-con-inner\">\n\t\t<div class=\"elementor-element elementor-element-fe3d49c e-con-full e-flex e-con e-child\" data-id=\"fe3d49c\" data-element_type=\"container\" data-settings=\"{&quot;background_background&quot;:&quot;classic&quot;,&quot;_ha_eqh_enable&quot;:false}\">\n\t\t\t\t<\/div>\n\t\t<div class=\"elementor-element elementor-element-a13a096 e-con-full e-flex e-con e-child\" data-id=\"a13a096\" data-element_type=\"container\" data-settings=\"{&quot;_ha_eqh_enable&quot;:false}\">\n\t\t\t\t<div class=\"elementor-element elementor-element-abba1b9 elementor-widget elementor-widget-heading\" data-id=\"abba1b9\" data-element_type=\"widget\" data-widget_type=\"heading.default\">\n\t\t\t\t\t<h1 class=\"elementor-heading-title elementor-size-default\">En los Estados Unidos, el grupo de <b>superfrutas<\/b> incluye:\n<\/h1>\t\t\t\t<\/div>\n\t\t\t\t<div class=\"elementor-element elementor-element-5545721 elementor-widget elementor-widget-text-editor\" data-id=\"5545721\" data-element_type=\"widget\" data-widget_type=\"text-editor.default\">\n\t\t\t\t\t\t\t\t\t<ul><li><b>Berries<\/b>: ar\u00e1ndano azul, zarzamora, frambuesa, fresa, ar\u00e1ndano rojo y a\u00e7a\u00ed<\/li><li><b>Frutas tropicales<\/b>: pitaya, mangost\u00e1n, goji berry, acerola, camu-camu, maracuy\u00e1 y granada<\/li><li><b>Frutas ricas en grasas buenas<\/b>: aguacate y variedades tradicionales de palta<\/li><li><b>Frutas c\u00edtricas ricas en flavonoides<\/b>: mandarina, naranja y lim\u00f3n<br \/>Ex\u00f3ticas de alto potencial funcional: physalis, kiwi y guan\u00e1bana<\/li><\/ul>\t\t\t\t\t\t\t\t<\/div>\n\t\t\t\t<div class=\"elementor-element elementor-element-7621c0f elementor-widget elementor-widget-text-editor\" data-id=\"7621c0f\" data-element_type=\"widget\" data-widget_type=\"text-editor.default\">\n\t\t\t\t\t\t\t\t\t<p><b>El reconocimiento de las <i>superfrutas<\/i> va m\u00e1s all\u00e1 de su valor nutricional<\/b>: incluye tambi\u00e9n su impacto sensorial \u2014 color intenso, aroma, y sabor vibrante, expresiones naturales de la alta concentraci\u00f3n de antioxidantes.<\/p><p><b>En Piantare, este concepto adquiere una dimensi\u00f3n propia<\/b>: cultivamos superfrutas tropicales y de clima templado con base en ciencia agr\u00edcola, sostenibilidad y respeto por el origen, ofreciendo alimentos que combinan valor funcional, calidad sensorial y autenticidad.<\/p>\t\t\t\t\t\t\t\t<\/div>\n\t\t\t\t<div class=\"elementor-element elementor-element-355a538 elementor-mobile-align-justify elementor-align-left elementor-widget elementor-widget-button\" data-id=\"355a538\" data-element_type=\"widget\" data-widget_type=\"button.default\">\n\t\t\t\t\t\t\t\t\t\t<a class=\"elementor-button elementor-button-link elementor-size-sm\" href=\"https:\/\/piantare.com.br\/es\/productos\/\">\n\t\t\t\t\t\t<span class=\"elementor-button-content-wrapper\">\n\t\t\t\t\t\t\t\t\t<span class=\"elementor-button-text\">Volver a productos<\/span>\n\t\t\t\t\t<\/span>\n\t\t\t\t\t<\/a>\n\t\t\t\t\t\t\t\t<\/div>\n\t\t\t\t<\/div>\n\t\t\t\t\t<\/div>\n\t\t\t\t<\/div>\n\t\t\t\t<\/div>\n\t\t","protected":false},"excerpt":{"rendered":"<p>Superfrutas En todo el mundo, el t\u00e9rmino superfrutas surgi\u00f3 a partir de investigaciones cient\u00edficas y tendencias de mercado que destacan frutas con alt\u00edsima densidad nutricional y funcionalidad biol\u00f3gica \u2014 es decir, frutas con concentraciones elevadas de antioxidantes, vitaminas, minerales y compuestos bioactivos con beneficios comprobados para la salud. El concepto se consolid\u00f3 en la industria [&hellip;]<\/p>\n","protected":false},"author":1,"featured_media":0,"parent":0,"menu_order":0,"comment_status":"closed","ping_status":"closed","template":"elementor_header_footer","meta":{"footnotes":""},"class_list":["post-1462","page","type-page","status-publish","hentry"],"_links":{"self":[{"href":"https:\/\/piantare.com.br\/es\/wp-json\/wp\/v2\/pages\/1462","targetHints":{"allow":["GET"]}}],"collection":[{"href":"https:\/\/piantare.com.br\/es\/wp-json\/wp\/v2\/pages"}],"about":[{"href":"https:\/\/piantare.com.br\/es\/wp-json\/wp\/v2\/types\/page"}],"author":[{"embeddable":true,"href":"https:\/\/piantare.com.br\/es\/wp-json\/wp\/v2\/users\/1"}],"replies":[{"embeddable":true,"href":"https:\/\/piantare.com.br\/es\/wp-json\/wp\/v2\/comments?post=1462"}],"version-history":[{"count":4,"href":"https:\/\/piantare.com.br\/es\/wp-json\/wp\/v2\/pages\/1462\/revisions"}],"predecessor-version":[{"id":1466,"href":"https:\/\/piantare.com.br\/es\/wp-json\/wp\/v2\/pages\/1462\/revisions\/1466"}],"wp:attachment":[{"href":"https:\/\/piantare.com.br\/es\/wp-json\/wp\/v2\/media?parent=1462"}],"curies":[{"name":"wp","href":"https:\/\/api.w.org\/{rel}","templated":true}]}}