{"id":1457,"date":"2025-11-13T22:48:41","date_gmt":"2025-11-14T01:48:41","guid":{"rendered":"https:\/\/piantare.com.br\/?page_id=1457"},"modified":"2025-12-13T22:01:02","modified_gmt":"2025-12-14T01:01:02","slug":"productos","status":"publish","type":"page","link":"https:\/\/piantare.com.br\/es\/productos\/","title":{"rendered":"Productos"},"content":{"rendered":"\t\t<div data-elementor-type=\"wp-page\" data-elementor-id=\"1457\" class=\"elementor elementor-1457 elementor-477\" data-elementor-settings=\"{&quot;ha_cmc_init_switcher&quot;:&quot;no&quot;}\" data-elementor-post-type=\"page\">\n\t\t\t\t<div class=\"elementor-element elementor-element-f1c25e2 e-con-full e-flex e-con e-parent\" data-id=\"f1c25e2\" data-element_type=\"container\" data-settings=\"{&quot;background_background&quot;:&quot;classic&quot;,&quot;_ha_eqh_enable&quot;:false}\">\n\t\t<div class=\"elementor-element elementor-element-73cd487 e-flex e-con-boxed e-con e-child\" data-id=\"73cd487\" data-element_type=\"container\" data-settings=\"{&quot;_ha_eqh_enable&quot;:false}\">\n\t\t\t\t\t<div class=\"e-con-inner\">\n\t\t\t\t<div class=\"elementor-element elementor-element-70f5205 elementor-widget elementor-widget-heading\" data-id=\"70f5205\" data-element_type=\"widget\" data-widget_type=\"heading.default\">\n\t\t\t\t\t<h1 class=\"elementor-heading-title elementor-size-default\">Productos\n<\/h1>\t\t\t\t<\/div>\n\t\t\t\t\t<\/div>\n\t\t\t\t<\/div>\n\t\t\t\t<\/div>\n\t\t<div class=\"elementor-element elementor-element-f3a7985 e-flex e-con-boxed e-con e-parent\" data-id=\"f3a7985\" data-element_type=\"container\" data-settings=\"{&quot;_ha_eqh_enable&quot;:false}\">\n\t\t\t\t\t<div class=\"e-con-inner\">\n\t\t\t\t<div class=\"elementor-element elementor-element-c6ec095 elementor-widget elementor-widget-text-editor\" data-id=\"c6ec095\" data-element_type=\"widget\" data-widget_type=\"text-editor.default\">\n\t\t\t\t\t\t\t\t\t<p>En la Serra do Tombador, cada fruta lleva consigo el sabor de su origen y el cuidado de quienes la cultivan con pasi\u00f3n. Desde las <b>Superfrutas Tropicales<\/b> que maduran bajo el sol bahiano hasta las <b>Superfrutas de Clima Templado<\/b> que florecen en las alturas, nuestra producci\u00f3n combina tecnolog\u00eda, sostenibilidad y respeto por la naturaleza.<\/p><p>Nuestras <b>frutas ultracongeladas <\/b>preservan la frescura y los nutrientes del campo, llevando a cada mesa la pureza y la intensidad del sabor reci\u00e9n cosechado. Y para quienes buscan la m\u00e1xima excelencia, nuestra<b> L\u00ednea S\u00faper Premium<\/b> re\u00fane una selecci\u00f3n especial \u2014 frutos cosechados con precisi\u00f3n, con tama\u00f1o y dulzor incomparables.<\/p><p>M\u00e1s que frutas, entregamos lo mejor que la tierra puede ofrecer: <b>origen, nutrici\u00f3n y sabor \u2014 con el toque singular de la Serra do Tombador<\/b>.<\/p>\t\t\t\t\t\t\t\t<\/div>\n\t\t\t\t<div class=\"elementor-element elementor-element-073df1c elementor-mobile-align-justify elementor-align-center elementor-widget elementor-widget-button\" data-id=\"073df1c\" data-element_type=\"widget\" data-widget_type=\"button.default\">\n\t\t\t\t\t\t\t\t\t\t<a class=\"elementor-button elementor-button-link elementor-size-sm\" href=\"https:\/\/piantare.com.br\/es\/superfrutas\/\">\n\t\t\t\t\t\t<span class=\"elementor-button-content-wrapper\">\n\t\t\t\t\t\t\t\t\t<span class=\"elementor-button-text\">Conozca m\u00e1s sobre las superfrutas<\/span>\n\t\t\t\t\t<\/span>\n\t\t\t\t\t<\/a>\n\t\t\t\t\t\t\t\t<\/div>\n\t\t\t\t\t<\/div>\n\t\t\t\t<\/div>\n\t\t<div class=\"elementor-element elementor-element-e09c98f e-flex e-con-boxed e-con e-parent\" data-id=\"e09c98f\" data-element_type=\"container\" data-settings=\"{&quot;background_background&quot;:&quot;classic&quot;,&quot;_ha_eqh_enable&quot;:false}\">\n\t\t\t\t\t<div class=\"e-con-inner\">\n\t\t<div class=\"elementor-element elementor-element-742d48d e-con-full e-flex e-con e-child\" data-id=\"742d48d\" data-element_type=\"container\" data-settings=\"{&quot;_ha_eqh_enable&quot;:false}\">\n\t\t\t\t<div class=\"elementor-element elementor-element-0475f32 elementor-widget elementor-widget-heading\" data-id=\"0475f32\" data-element_type=\"widget\" data-widget_type=\"heading.default\">\n\t\t\t\t\t<h2 class=\"elementor-heading-title elementor-size-default\">Nuestros <b>Productos<\/b>\n<\/h2>\t\t\t\t<\/div>\n\t\t<div class=\"elementor-element elementor-element-76ec480 e-con-full e-flex e-con e-child\" data-id=\"76ec480\" data-element_type=\"container\" data-settings=\"{&quot;_ha_eqh_enable&quot;:false}\">\n\t\t<div data-ha-element-link=\"{&quot;url&quot;:&quot;https:\\\/\\\/piantare.com.br\\\/es\\\/productos\\\/superfrutas-tropicales\\\/&quot;,&quot;is_external&quot;:&quot;&quot;,&quot;nofollow&quot;:&quot;&quot;}\" style=\"cursor: pointer\" class=\"elementor-element elementor-element-3412768 e-con-full e-flex e-con e-child\" data-id=\"3412768\" data-element_type=\"container\" data-settings=\"{&quot;_ha_eqh_enable&quot;:false}\">\n\t\t<div class=\"elementor-element elementor-element-0b88d29 e-con-full e-flex e-con e-child\" data-id=\"0b88d29\" data-element_type=\"container\" data-settings=\"{&quot;_ha_eqh_enable&quot;:false}\">\n\t\t<div class=\"elementor-element elementor-element-3e296c0 e-con-full e-flex e-con e-child\" data-id=\"3e296c0\" data-element_type=\"container\" data-settings=\"{&quot;background_background&quot;:&quot;classic&quot;,&quot;_ha_eqh_enable&quot;:false}\">\n\t\t\t\t<div class=\"elementor-element elementor-element-516a80c elementor-widget elementor-widget-image\" data-id=\"516a80c\" data-element_type=\"widget\" data-widget_type=\"image.default\">\n\t\t\t\t\t\t\t\t\t\t\t\t\t\t\t<img fetchpriority=\"high\" decoding=\"async\" width=\"800\" height=\"800\" src=\"https:\/\/piantare.com.br\/wp-content\/uploads\/2025\/11\/Icone-Berries-2.png\" class=\"attachment-large size-large wp-image-1023\" alt=\"\" srcset=\"https:\/\/piantare.com.br\/wp-content\/uploads\/2025\/11\/Icone-Berries-2.png 1000w, https:\/\/piantare.com.br\/wp-content\/uploads\/2025\/11\/Icone-Berries-2-300x300.png 300w, https:\/\/piantare.com.br\/wp-content\/uploads\/2025\/11\/Icone-Berries-2-150x150.png 150w, https:\/\/piantare.com.br\/wp-content\/uploads\/2025\/11\/Icone-Berries-2-768x768.png 768w\" sizes=\"(max-width: 800px) 100vw, 800px\" \/>\t\t\t\t\t\t\t\t\t\t\t\t\t\t\t<\/div>\n\t\t\t\t<\/div>\n\t\t<div class=\"elementor-element elementor-element-9e95e7e e-con-full e-flex e-con e-child\" data-id=\"9e95e7e\" data-element_type=\"container\" data-settings=\"{&quot;background_background&quot;:&quot;classic&quot;,&quot;_ha_eqh_enable&quot;:false}\">\n\t\t\t\t<div class=\"elementor-element elementor-element-86fb189 elementor-widget elementor-widget-heading\" data-id=\"86fb189\" data-element_type=\"widget\" data-widget_type=\"heading.default\">\n\t\t\t\t\t<h3 class=\"elementor-heading-title elementor-size-default\">Superfrutas<br> Tropicales\n<\/h3>\t\t\t\t<\/div>\n\t\t\t\t<\/div>\n\t\t\t\t<\/div>\n\t\t\t\t<\/div>\n\t\t<div data-ha-element-link=\"{&quot;url&quot;:&quot;https:\\\/\\\/piantare.com.br\\\/es\\\/productos\\\/berries\\\/&quot;,&quot;is_external&quot;:&quot;&quot;,&quot;nofollow&quot;:&quot;&quot;}\" style=\"cursor: pointer\" class=\"elementor-element elementor-element-b0e6ad5 e-con-full e-flex e-con e-child\" data-id=\"b0e6ad5\" data-element_type=\"container\" data-settings=\"{&quot;_ha_eqh_enable&quot;:false}\">\n\t\t<div class=\"elementor-element elementor-element-860f056 e-con-full e-flex e-con e-child\" data-id=\"860f056\" data-element_type=\"container\" data-settings=\"{&quot;_ha_eqh_enable&quot;:false}\">\n\t\t<div class=\"elementor-element elementor-element-84ff7f6 e-con-full e-flex e-con e-child\" data-id=\"84ff7f6\" data-element_type=\"container\" data-settings=\"{&quot;background_background&quot;:&quot;classic&quot;,&quot;_ha_eqh_enable&quot;:false}\">\n\t\t\t\t<div class=\"elementor-element elementor-element-3ba8a47 elementor-widget elementor-widget-image\" data-id=\"3ba8a47\" data-element_type=\"widget\" data-widget_type=\"image.default\">\n\t\t\t\t\t\t\t\t\t\t\t\t\t\t\t<img decoding=\"async\" width=\"800\" height=\"800\" src=\"https:\/\/piantare.com.br\/wp-content\/uploads\/2025\/11\/Icone-Berries-1.png\" class=\"attachment-large size-large wp-image-1025\" alt=\"\" srcset=\"https:\/\/piantare.com.br\/wp-content\/uploads\/2025\/11\/Icone-Berries-1.png 1000w, https:\/\/piantare.com.br\/wp-content\/uploads\/2025\/11\/Icone-Berries-1-300x300.png 300w, https:\/\/piantare.com.br\/wp-content\/uploads\/2025\/11\/Icone-Berries-1-150x150.png 150w, https:\/\/piantare.com.br\/wp-content\/uploads\/2025\/11\/Icone-Berries-1-768x768.png 768w\" sizes=\"(max-width: 800px) 100vw, 800px\" \/>\t\t\t\t\t\t\t\t\t\t\t\t\t\t\t<\/div>\n\t\t\t\t<\/div>\n\t\t<div class=\"elementor-element elementor-element-40d0eff e-con-full e-flex e-con e-child\" data-id=\"40d0eff\" data-element_type=\"container\" data-settings=\"{&quot;background_background&quot;:&quot;classic&quot;,&quot;_ha_eqh_enable&quot;:false}\">\n\t\t\t\t<div class=\"elementor-element elementor-element-93d817d elementor-widget elementor-widget-heading\" data-id=\"93d817d\" data-element_type=\"widget\" data-widget_type=\"heading.default\">\n\t\t\t\t\t<h3 class=\"elementor-heading-title elementor-size-default\">Berries<\/h3>\t\t\t\t<\/div>\n\t\t\t\t<\/div>\n\t\t\t\t<\/div>\n\t\t\t\t<\/div>\n\t\t<div data-ha-element-link=\"{&quot;url&quot;:&quot;https:\\\/\\\/piantare.com.br\\\/es\\\/productos\\\/frutas-ultracongeladas\\\/&quot;,&quot;is_external&quot;:&quot;&quot;,&quot;nofollow&quot;:&quot;&quot;}\" style=\"cursor: pointer\" class=\"elementor-element elementor-element-e95b3a7 e-con-full e-flex e-con e-child\" data-id=\"e95b3a7\" data-element_type=\"container\" data-settings=\"{&quot;_ha_eqh_enable&quot;:false}\">\n\t\t<div class=\"elementor-element elementor-element-70a0ca1 e-con-full e-flex e-con e-child\" data-id=\"70a0ca1\" data-element_type=\"container\" data-settings=\"{&quot;_ha_eqh_enable&quot;:false}\">\n\t\t<div class=\"elementor-element elementor-element-c2f234b e-con-full e-flex e-con e-child\" data-id=\"c2f234b\" data-element_type=\"container\" data-settings=\"{&quot;background_background&quot;:&quot;classic&quot;,&quot;_ha_eqh_enable&quot;:false}\">\n\t\t\t\t<div class=\"elementor-element elementor-element-2d2d5d3 elementor-widget elementor-widget-image\" data-id=\"2d2d5d3\" data-element_type=\"widget\" data-widget_type=\"image.default\">\n\t\t\t\t\t\t\t\t\t\t\t\t\t\t\t<img decoding=\"async\" width=\"800\" height=\"800\" src=\"https:\/\/piantare.com.br\/wp-content\/uploads\/2025\/11\/Icone-Berries-3.png\" class=\"attachment-large size-large wp-image-1021\" alt=\"\" srcset=\"https:\/\/piantare.com.br\/wp-content\/uploads\/2025\/11\/Icone-Berries-3.png 1000w, https:\/\/piantare.com.br\/wp-content\/uploads\/2025\/11\/Icone-Berries-3-300x300.png 300w, https:\/\/piantare.com.br\/wp-content\/uploads\/2025\/11\/Icone-Berries-3-150x150.png 150w, https:\/\/piantare.com.br\/wp-content\/uploads\/2025\/11\/Icone-Berries-3-768x768.png 768w\" sizes=\"(max-width: 800px) 100vw, 800px\" \/>\t\t\t\t\t\t\t\t\t\t\t\t\t\t\t<\/div>\n\t\t\t\t<\/div>\n\t\t<div class=\"elementor-element elementor-element-d614dc7 e-con-full e-flex e-con e-child\" data-id=\"d614dc7\" data-element_type=\"container\" data-settings=\"{&quot;background_background&quot;:&quot;classic&quot;,&quot;_ha_eqh_enable&quot;:false}\">\n\t\t\t\t<div class=\"elementor-element elementor-element-811226f elementor-widget elementor-widget-heading\" data-id=\"811226f\" data-element_type=\"widget\" data-widget_type=\"heading.default\">\n\t\t\t\t\t<h3 class=\"elementor-heading-title elementor-size-default\">Frutas Ultracongeladas\n<\/h3>\t\t\t\t<\/div>\n\t\t\t\t<\/div>\n\t\t\t\t<\/div>\n\t\t\t\t<\/div>\n\t\t<div data-ha-element-link=\"{&quot;url&quot;:&quot;https:\\\/\\\/piantare.com.br\\\/es\\\/productos\\\/frutika-linea-ultra-premium\\\/&quot;,&quot;is_external&quot;:&quot;&quot;,&quot;nofollow&quot;:&quot;&quot;}\" style=\"cursor: pointer\" class=\"elementor-element elementor-element-304d04c e-con-full e-flex e-con e-child\" data-id=\"304d04c\" data-element_type=\"container\" data-settings=\"{&quot;_ha_eqh_enable&quot;:false}\">\n\t\t<div class=\"elementor-element elementor-element-61dcf3a e-con-full e-flex e-con e-child\" data-id=\"61dcf3a\" data-element_type=\"container\" data-settings=\"{&quot;_ha_eqh_enable&quot;:false}\">\n\t\t<div class=\"elementor-element elementor-element-3c07b2d e-con-full e-flex e-con e-child\" data-id=\"3c07b2d\" data-element_type=\"container\" data-settings=\"{&quot;background_background&quot;:&quot;classic&quot;,&quot;_ha_eqh_enable&quot;:false}\">\n\t\t\t\t<div class=\"elementor-element elementor-element-07d194f elementor-widget elementor-widget-image\" data-id=\"07d194f\" data-element_type=\"widget\" data-widget_type=\"image.default\">\n\t\t\t\t\t\t\t\t\t\t\t\t\t\t\t<img loading=\"lazy\" decoding=\"async\" width=\"800\" height=\"800\" src=\"https:\/\/piantare.com.br\/wp-content\/uploads\/2025\/11\/Frutika.png\" class=\"attachment-large size-large wp-image-1027\" alt=\"\" srcset=\"https:\/\/piantare.com.br\/wp-content\/uploads\/2025\/11\/Frutika.png 1000w, https:\/\/piantare.com.br\/wp-content\/uploads\/2025\/11\/Frutika-300x300.png 300w, https:\/\/piantare.com.br\/wp-content\/uploads\/2025\/11\/Frutika-150x150.png 150w, https:\/\/piantare.com.br\/wp-content\/uploads\/2025\/11\/Frutika-768x768.png 768w\" sizes=\"(max-width: 800px) 100vw, 800px\" \/>\t\t\t\t\t\t\t\t\t\t\t\t\t\t\t<\/div>\n\t\t\t\t<\/div>\n\t\t<div class=\"elementor-element elementor-element-647fd63 e-con-full e-flex e-con e-child\" data-id=\"647fd63\" data-element_type=\"container\" data-settings=\"{&quot;background_background&quot;:&quot;classic&quot;,&quot;_ha_eqh_enable&quot;:false}\">\n\t\t\t\t<div class=\"elementor-element elementor-element-7914323 elementor-widget elementor-widget-heading\" data-id=\"7914323\" data-element_type=\"widget\" data-widget_type=\"heading.default\">\n\t\t\t\t\t<h3 class=\"elementor-heading-title elementor-size-default\">L\u00ednea S\u00faper<br> Premium<\/h3>\t\t\t\t<\/div>\n\t\t\t\t<\/div>\n\t\t\t\t<\/div>\n\t\t\t\t<\/div>\n\t\t\t\t<\/div>\n\t\t\t\t<\/div>\n\t\t\t\t\t<\/div>\n\t\t\t\t<\/div>\n\t\t\t\t<\/div>\n\t\t","protected":false},"excerpt":{"rendered":"<p>Productos En la Serra do Tombador, cada fruta lleva consigo el sabor de su origen y el cuidado de quienes la cultivan con pasi\u00f3n. Desde las Superfrutas Tropicales que maduran bajo el sol bahiano hasta las Superfrutas de Clima Templado que florecen en las alturas, nuestra producci\u00f3n combina tecnolog\u00eda, sostenibilidad y respeto por la naturaleza. [&hellip;]<\/p>\n","protected":false},"author":1,"featured_media":0,"parent":0,"menu_order":0,"comment_status":"closed","ping_status":"closed","template":"elementor_header_footer","meta":{"footnotes":""},"class_list":["post-1457","page","type-page","status-publish","hentry"],"_links":{"self":[{"href":"https:\/\/piantare.com.br\/es\/wp-json\/wp\/v2\/pages\/1457","targetHints":{"allow":["GET"]}}],"collection":[{"href":"https:\/\/piantare.com.br\/es\/wp-json\/wp\/v2\/pages"}],"about":[{"href":"https:\/\/piantare.com.br\/es\/wp-json\/wp\/v2\/types\/page"}],"author":[{"embeddable":true,"href":"https:\/\/piantare.com.br\/es\/wp-json\/wp\/v2\/users\/1"}],"replies":[{"embeddable":true,"href":"https:\/\/piantare.com.br\/es\/wp-json\/wp\/v2\/comments?post=1457"}],"version-history":[{"count":10,"href":"https:\/\/piantare.com.br\/es\/wp-json\/wp\/v2\/pages\/1457\/revisions"}],"predecessor-version":[{"id":1556,"href":"https:\/\/piantare.com.br\/es\/wp-json\/wp\/v2\/pages\/1457\/revisions\/1556"}],"wp:attachment":[{"href":"https:\/\/piantare.com.br\/es\/wp-json\/wp\/v2\/media?parent=1457"}],"curies":[{"name":"wp","href":"https:\/\/api.w.org\/{rel}","templated":true}]}}