{"id":1441,"date":"2025-11-13T19:55:53","date_gmt":"2025-11-13T22:55:53","guid":{"rendered":"https:\/\/piantare.com.br\/?page_id=1441"},"modified":"2025-12-13T19:44:34","modified_gmt":"2025-12-13T22:44:34","slug":"responsabilidad-socioambiental","status":"publish","type":"page","link":"https:\/\/piantare.com.br\/es\/responsabilidad-socioambiental\/","title":{"rendered":"Responsabilidad Socioambiental"},"content":{"rendered":"\t\t<div data-elementor-type=\"wp-page\" data-elementor-id=\"1441\" class=\"elementor elementor-1441 elementor-291\" data-elementor-settings=\"{&quot;ha_cmc_init_switcher&quot;:&quot;no&quot;}\" data-elementor-post-type=\"page\">\n\t\t\t\t<div class=\"elementor-element elementor-element-f1c25e2 e-con-full e-flex e-con e-parent\" data-id=\"f1c25e2\" data-element_type=\"container\" data-settings=\"{&quot;background_background&quot;:&quot;classic&quot;,&quot;_ha_eqh_enable&quot;:false}\">\n\t\t<div class=\"elementor-element elementor-element-73cd487 e-flex e-con-boxed e-con e-child\" data-id=\"73cd487\" data-element_type=\"container\" data-settings=\"{&quot;_ha_eqh_enable&quot;:false}\">\n\t\t\t\t\t<div class=\"e-con-inner\">\n\t\t\t\t<div class=\"elementor-element elementor-element-70f5205 elementor-widget elementor-widget-heading\" data-id=\"70f5205\" data-element_type=\"widget\" data-widget_type=\"heading.default\">\n\t\t\t\t\t<h1 class=\"elementor-heading-title elementor-size-default\">Responsabilidad Socioambiental<\/h1>\t\t\t\t<\/div>\n\t\t\t\t\t<\/div>\n\t\t\t\t<\/div>\n\t\t\t\t<\/div>\n\t\t<div class=\"elementor-element elementor-element-f3a7985 e-flex e-con-boxed e-con e-parent\" data-id=\"f3a7985\" data-element_type=\"container\" data-settings=\"{&quot;_ha_eqh_enable&quot;:false}\">\n\t\t\t\t\t<div class=\"e-con-inner\">\n\t\t\t\t<div class=\"elementor-element elementor-element-c6ec095 elementor-widget elementor-widget-text-editor\" data-id=\"c6ec095\" data-element_type=\"widget\" data-widget_type=\"text-editor.default\">\n\t\t\t\t\t\t\t\t\t<p>El origen, la calidad y la responsabilidad socioambiental son los pilares esenciales que gu\u00edan nuestros proyectos, que buscan ser ambientalmente correctos, econ\u00f3micamente viables, socialmente justos y culturalmente diversos.<\/p><p>La responsabilidad social comienza con la regi\u00f3n donde se desarrolla el proyecto, con la intenci\u00f3n de contribuir al desarrollo socioecon\u00f3mico de las comunidades ubicadas alrededor de la Serra do Tombador y del Valle del Jequiri\u00e7\u00e1.<\/p><p>Esta responsabilidad da forma a nuestra relaci\u00f3n con cada trabajador del equipo y se extiende a nuestros socios y proveedores.<\/p><p>Entendemos la responsabilidad ambiental como una obligaci\u00f3n: un compromiso con la tierra que nos da sus frutos, con el planeta y con las futuras generaciones. En t\u00e9rminos pr\u00e1cticos, significa la b\u00fasqueda constante de construir un proyecto sostenible, reconociendo al mismo tiempo que ning\u00fan proyecto puede sobrevivir si, al final de cada ciclo, no tiene todas sus cuentas pagadas, sus compromisos honrados, sus inversiones remuneradas y sus colaboradores compensados.<\/p><p>Nuestra responsabilidad socioambiental se expresa a trav\u00e9s de una serie de caracter\u00edsticas distintivas y est\u00e1 presente en cada decisi\u00f3n del proyecto. No es un simple discurso, sino una parte fundamental de nuestro prop\u00f3sito y esencia.<\/p>\t\t\t\t\t\t\t\t<\/div>\n\t\t\t\t\t<\/div>\n\t\t\t\t<\/div>\n\t\t<div class=\"elementor-element elementor-element-cbca5d9 e-flex e-con-boxed e-con e-parent\" data-id=\"cbca5d9\" data-element_type=\"container\" data-settings=\"{&quot;background_background&quot;:&quot;classic&quot;,&quot;_ha_eqh_enable&quot;:false}\">\n\t\t\t\t\t<div class=\"e-con-inner\">\n\t\t<div class=\"elementor-element elementor-element-fe3d49c e-con-full e-flex e-con e-child\" data-id=\"fe3d49c\" data-element_type=\"container\" data-settings=\"{&quot;background_background&quot;:&quot;classic&quot;,&quot;_ha_eqh_enable&quot;:false}\">\n\t\t\t\t<\/div>\n\t\t<div class=\"elementor-element elementor-element-a13a096 e-con-full e-flex e-con e-child\" data-id=\"a13a096\" data-element_type=\"container\" data-settings=\"{&quot;_ha_eqh_enable&quot;:false}\">\n\t\t\t\t<div class=\"elementor-element elementor-element-abba1b9 elementor-widget elementor-widget-heading\" data-id=\"abba1b9\" data-element_type=\"widget\" data-widget_type=\"heading.default\">\n\t\t\t\t\t<h1 class=\"elementor-heading-title elementor-size-default\">Responsabilidad y <b>Compromiso con Nuestro Equipo<\/b>\n<\/h1>\t\t\t\t<\/div>\n\t\t\t\t<div class=\"elementor-element elementor-element-5545721 elementor-widget elementor-widget-text-editor\" data-id=\"5545721\" data-element_type=\"widget\" data-widget_type=\"text-editor.default\">\n\t\t\t\t\t\t\t\t\t<ul><li>Cumplimos rigurosamente con toda la legislaci\u00f3n laboral aplicable.<br \/>Priorizamos la contrataci\u00f3n de trabajadores de la regi\u00f3n y, siempre que sea posible, de mujeres.<\/li><li>Ofrecemos salarios aproximadamente un 20% superiores al promedio regional.<\/li><li>Proveemos transporte para los empleados y garantizamos condiciones dignas de trabajo: uniformes adecuados, EPI, comedor y sanitarios con art\u00edculos de higiene.<\/li><li>Nuestros colaboradores cuentan con plan de salud dental, seguro de vida y accidentes, y telemedicina extensiva a c\u00f3nyuges, padres e hijos.<\/li><li>Ofrecemos vivienda digna a los trabajadores residentes.<\/li><li>Eliminamos cualquier pr\u00e1ctica arbitraria o discriminatoria de despido.<\/li><li>Promovemos cursos y capacitaciones en alianza con SENAR, Embrapa y otras instituciones, adem\u00e1s de formaciones internas, garantizando igualdad de oportunidades.<\/li><\/ul>\t\t\t\t\t\t\t\t<\/div>\n\t\t\t\t<\/div>\n\t\t\t\t\t<\/div>\n\t\t\t\t<\/div>\n\t\t<div class=\"elementor-element elementor-element-dc1237d e-flex e-con-boxed e-con e-parent\" data-id=\"dc1237d\" data-element_type=\"container\" data-settings=\"{&quot;background_background&quot;:&quot;classic&quot;,&quot;_ha_eqh_enable&quot;:false}\">\n\t\t\t\t\t<div class=\"e-con-inner\">\n\t\t<div class=\"elementor-element elementor-element-1f2f8bf e-con-full e-flex e-con e-child\" data-id=\"1f2f8bf\" data-element_type=\"container\" data-settings=\"{&quot;_ha_eqh_enable&quot;:false}\">\n\t\t\t\t<div class=\"elementor-element elementor-element-e56b7b3 elementor-widget elementor-widget-heading\" data-id=\"e56b7b3\" data-element_type=\"widget\" data-widget_type=\"heading.default\">\n\t\t\t\t\t<h1 class=\"elementor-heading-title elementor-size-default\">Responsabilidad y Compromiso con la <b>Tierra que Nos Sustenta<\/b>\n<\/h1>\t\t\t\t<\/div>\n\t\t\t\t<div class=\"elementor-element elementor-element-fd21766 elementor-widget elementor-widget-text-editor\" data-id=\"fd21766\" data-element_type=\"widget\" data-widget_type=\"text-editor.default\">\n\t\t\t\t\t\t\t\t\t<ul><li>Antes de cualquier intervenci\u00f3n, obtenemos la autorizaci\u00f3n de las autoridades ambientales competentes.<\/li><li>Priorizamos el uso de energ\u00edas renovables (solar y e\u00f3lica); el 100% de la energ\u00eda consumida es compensada con energ\u00eda solar distribuida producida en la propia finca.<\/li><li>Recuperamos todos los manantiales y arroyos mediante la plantaci\u00f3n de especies nativas de vegetaci\u00f3n ribere\u00f1a.<\/li><li>Disponemos de sanitarios con tratamiento biol\u00f3gico de residuos distribuidos por las \u00e1reas de trabajo.<\/li><\/ul>\t\t\t\t\t\t\t\t<\/div>\n\t\t\t\t<\/div>\n\t\t<div class=\"elementor-element elementor-element-8c0609c e-con-full e-flex e-con e-child\" data-id=\"8c0609c\" data-element_type=\"container\" data-settings=\"{&quot;background_background&quot;:&quot;classic&quot;,&quot;_ha_eqh_enable&quot;:false}\">\n\t\t\t\t<div class=\"elementor-element elementor-element-3dffb36 imgw elementor-widget elementor-widget-image\" data-id=\"3dffb36\" data-element_type=\"widget\" data-widget_type=\"image.default\">\n\t\t\t\t\t\t\t\t\t\t\t\t\t\t\t<img fetchpriority=\"high\" decoding=\"async\" width=\"516\" height=\"224\" src=\"https:\/\/piantare.com.br\/wp-content\/uploads\/2025\/11\/Piantare-Logo.png\" class=\"attachment-large size-large wp-image-1001\" alt=\"\" srcset=\"https:\/\/piantare.com.br\/wp-content\/uploads\/2025\/11\/Piantare-Logo.png 516w, https:\/\/piantare.com.br\/wp-content\/uploads\/2025\/11\/Piantare-Logo-300x130.png 300w\" sizes=\"(max-width: 516px) 100vw, 516px\" \/>\t\t\t\t\t\t\t\t\t\t\t\t\t\t\t<\/div>\n\t\t\t\t<\/div>\n\t\t\t\t\t<\/div>\n\t\t\t\t<\/div>\n\t\t<div class=\"elementor-element elementor-element-1779fda e-flex e-con-boxed e-con e-parent\" data-id=\"1779fda\" data-element_type=\"container\" data-settings=\"{&quot;background_background&quot;:&quot;classic&quot;,&quot;_ha_eqh_enable&quot;:false}\">\n\t\t\t\t\t<div class=\"e-con-inner\">\n\t\t<div class=\"elementor-element elementor-element-43b1338 e-con-full e-flex e-con e-child\" data-id=\"43b1338\" data-element_type=\"container\" data-settings=\"{&quot;background_background&quot;:&quot;classic&quot;,&quot;_ha_eqh_enable&quot;:false}\">\n\t\t\t\t<\/div>\n\t\t<div class=\"elementor-element elementor-element-92ff778 e-con-full e-flex e-con e-child\" data-id=\"92ff778\" data-element_type=\"container\" data-settings=\"{&quot;_ha_eqh_enable&quot;:false}\">\n\t\t\t\t<div class=\"elementor-element elementor-element-abba78f elementor-widget elementor-widget-heading\" data-id=\"abba78f\" data-element_type=\"widget\" data-widget_type=\"heading.default\">\n\t\t\t\t\t<h1 class=\"elementor-heading-title elementor-size-default\">Responsabilidad y Compromiso con <b>Nuestros Consumidores<\/b>\n<\/h1>\t\t\t\t<\/div>\n\t\t\t\t<div class=\"elementor-element elementor-element-a039a73 elementor-widget elementor-widget-text-editor\" data-id=\"a039a73\" data-element_type=\"widget\" data-widget_type=\"text-editor.default\">\n\t\t\t\t\t\t\t\t\t<p>La responsabilidad social empresarial est\u00e1 directamente vinculada a los derechos del consumidor, ya que las empresas est\u00e1n obligadas a respetar y atender adecuadamente a sus clientes. El proyecto Serra do Tombador busca alinearse con las Directrices de las Naciones Unidas para la Protecci\u00f3n del Consumidor, que incluyen:<\/p>\t\t\t\t\t\t\t\t<\/div>\n\t\t\t\t<div class=\"elementor-element elementor-element-df0b247 elementor-widget elementor-widget-text-editor\" data-id=\"df0b247\" data-element_type=\"widget\" data-widget_type=\"text-editor.default\">\n\t\t\t\t\t\t\t\t\t<ul><li>Evitar la perpetuaci\u00f3n de estereotipos ofensivos en publicidad y comunicaci\u00f3n<\/li><li>Proporcionar informaci\u00f3n completa, precisa y comprensible<\/li><li>Instruir a los consumidores sobre el uso adecuado de los productos<\/li><li>Garantizar la seguridad de los productos por encima de todo<\/li><li>Ofrecer productos ambientalmente responsables y sostenibles<\/li><li>Promover iniciativas educativas para un consumo consciente<\/li><\/ul>\t\t\t\t\t\t\t\t<\/div>\n\t\t\t\t<\/div>\n\t\t\t\t\t<\/div>\n\t\t\t\t<\/div>\n\t\t<div class=\"elementor-element elementor-element-c3b1bd3 e-flex e-con-boxed e-con e-parent\" data-id=\"c3b1bd3\" data-element_type=\"container\" data-settings=\"{&quot;background_background&quot;:&quot;classic&quot;,&quot;_ha_eqh_enable&quot;:false}\">\n\t\t\t\t\t<div class=\"e-con-inner\">\n\t\t<div class=\"elementor-element elementor-element-1cd520f e-con-full e-flex e-con e-child\" data-id=\"1cd520f\" data-element_type=\"container\" data-settings=\"{&quot;_ha_eqh_enable&quot;:false}\">\n\t\t\t\t<div class=\"elementor-element elementor-element-ef3b1c6 elementor-widget elementor-widget-heading\" data-id=\"ef3b1c6\" data-element_type=\"widget\" data-widget_type=\"heading.default\">\n\t\t\t\t\t<h1 class=\"elementor-heading-title elementor-size-default\">Responsabilidad y Compromiso con las <b>Comunidades del Entorno<\/b>\n<\/h1>\t\t\t\t<\/div>\n\t\t\t\t<div class=\"elementor-element elementor-element-05600de elementor-widget elementor-widget-text-editor\" data-id=\"05600de\" data-element_type=\"widget\" data-widget_type=\"text-editor.default\">\n\t\t\t\t\t\t\t\t\t<p>Nuestro objetivo futuro es incentivar la producci\u00f3n independiente por parte de las familias de la regi\u00f3n, compartiendo nuestra experiencia y conocimiento. Asimismo, buscamos inspirar a las comunidades que rodean nuestro proyecto para que adopten, de manera voluntaria y aut\u00e9ntica, actitudes y acciones que promuevan el bienestar social y la preservaci\u00f3n ambiental.<\/p>\t\t\t\t\t\t\t\t<\/div>\n\t\t\t\t<\/div>\n\t\t<div class=\"elementor-element elementor-element-1ce9abe e-con-full e-flex e-con e-child\" data-id=\"1ce9abe\" data-element_type=\"container\" data-settings=\"{&quot;background_background&quot;:&quot;classic&quot;,&quot;_ha_eqh_enable&quot;:false}\">\n\t\t\t\t<div class=\"elementor-element elementor-element-491d28a imgw elementor-widget elementor-widget-image\" data-id=\"491d28a\" data-element_type=\"widget\" data-widget_type=\"image.default\">\n\t\t\t\t\t\t\t\t\t\t\t\t\t\t\t<img fetchpriority=\"high\" decoding=\"async\" width=\"516\" height=\"224\" src=\"https:\/\/piantare.com.br\/wp-content\/uploads\/2025\/11\/Piantare-Logo.png\" class=\"attachment-large size-large wp-image-1001\" alt=\"\" srcset=\"https:\/\/piantare.com.br\/wp-content\/uploads\/2025\/11\/Piantare-Logo.png 516w, https:\/\/piantare.com.br\/wp-content\/uploads\/2025\/11\/Piantare-Logo-300x130.png 300w\" sizes=\"(max-width: 516px) 100vw, 516px\" \/>\t\t\t\t\t\t\t\t\t\t\t\t\t\t\t<\/div>\n\t\t\t\t<\/div>\n\t\t\t\t\t<\/div>\n\t\t\t\t<\/div>\n\t\t\t\t<\/div>\n\t\t","protected":false},"excerpt":{"rendered":"<p>Responsabilidad Socioambiental El origen, la calidad y la responsabilidad socioambiental son los pilares esenciales que gu\u00edan nuestros proyectos, que buscan ser ambientalmente correctos, econ\u00f3micamente viables, socialmente justos y culturalmente diversos. La responsabilidad social comienza con la regi\u00f3n donde se desarrolla el proyecto, con la intenci\u00f3n de contribuir al desarrollo socioecon\u00f3mico de las comunidades ubicadas alrededor [&hellip;]<\/p>\n","protected":false},"author":1,"featured_media":0,"parent":0,"menu_order":0,"comment_status":"closed","ping_status":"closed","template":"elementor_header_footer","meta":{"footnotes":""},"class_list":["post-1441","page","type-page","status-publish","hentry"],"_links":{"self":[{"href":"https:\/\/piantare.com.br\/es\/wp-json\/wp\/v2\/pages\/1441","targetHints":{"allow":["GET"]}}],"collection":[{"href":"https:\/\/piantare.com.br\/es\/wp-json\/wp\/v2\/pages"}],"about":[{"href":"https:\/\/piantare.com.br\/es\/wp-json\/wp\/v2\/types\/page"}],"author":[{"embeddable":true,"href":"https:\/\/piantare.com.br\/es\/wp-json\/wp\/v2\/users\/1"}],"replies":[{"embeddable":true,"href":"https:\/\/piantare.com.br\/es\/wp-json\/wp\/v2\/comments?post=1441"}],"version-history":[{"count":4,"href":"https:\/\/piantare.com.br\/es\/wp-json\/wp\/v2\/pages\/1441\/revisions"}],"predecessor-version":[{"id":1445,"href":"https:\/\/piantare.com.br\/es\/wp-json\/wp\/v2\/pages\/1441\/revisions\/1445"}],"wp:attachment":[{"href":"https:\/\/piantare.com.br\/es\/wp-json\/wp\/v2\/media?parent=1441"}],"curies":[{"name":"wp","href":"https:\/\/api.w.org\/{rel}","templated":true}]}}