{"id":1436,"date":"2025-11-13T18:26:02","date_gmt":"2025-11-13T21:26:02","guid":{"rendered":"https:\/\/piantare.com.br\/?page_id=1436"},"modified":"2025-12-13T19:39:55","modified_gmt":"2025-12-13T22:39:55","slug":"jacobina-corazon-de-la-chapada-diamantina-norte","status":"publish","type":"page","link":"https:\/\/piantare.com.br\/es\/jacobina-corazon-de-la-chapada-diamantina-norte\/","title":{"rendered":"Jacobina \u2014 Coraz\u00f3n de la Chapada Diamantina Norte"},"content":{"rendered":"\t\t<div data-elementor-type=\"wp-page\" data-elementor-id=\"1436\" class=\"elementor elementor-1436 elementor-282\" data-elementor-settings=\"{&quot;ha_cmc_init_switcher&quot;:&quot;no&quot;}\" data-elementor-post-type=\"page\">\n\t\t\t\t<div class=\"elementor-element elementor-element-f1c25e2 e-con-full e-flex e-con e-parent\" data-id=\"f1c25e2\" data-element_type=\"container\" data-settings=\"{&quot;background_background&quot;:&quot;classic&quot;,&quot;_ha_eqh_enable&quot;:false}\">\n\t\t<div class=\"elementor-element elementor-element-73cd487 e-flex e-con-boxed e-con e-child\" data-id=\"73cd487\" data-element_type=\"container\" data-settings=\"{&quot;_ha_eqh_enable&quot;:false}\">\n\t\t\t\t\t<div class=\"e-con-inner\">\n\t\t\t\t<div class=\"elementor-element elementor-element-70f5205 elementor-widget elementor-widget-heading\" data-id=\"70f5205\" data-element_type=\"widget\" data-widget_type=\"heading.default\">\n\t\t\t\t\t<h1 class=\"elementor-heading-title elementor-size-default\">Jacobina \u2014 Coraz\u00f3n de la Chapada Diamantina Norte<\/h1>\t\t\t\t<\/div>\n\t\t\t\t\t<\/div>\n\t\t\t\t<\/div>\n\t\t\t\t<\/div>\n\t\t<div class=\"elementor-element elementor-element-cbca5d9 e-flex e-con-boxed e-con e-parent\" data-id=\"cbca5d9\" data-element_type=\"container\" data-settings=\"{&quot;background_background&quot;:&quot;classic&quot;,&quot;_ha_eqh_enable&quot;:false}\">\n\t\t\t\t\t<div class=\"e-con-inner\">\n\t\t<div class=\"elementor-element elementor-element-fe3d49c e-con-full e-flex e-con e-child\" data-id=\"fe3d49c\" data-element_type=\"container\" data-settings=\"{&quot;background_background&quot;:&quot;classic&quot;,&quot;_ha_eqh_enable&quot;:false}\">\n\t\t\t\t<\/div>\n\t\t<div class=\"elementor-element elementor-element-a13a096 e-con-full e-flex e-con e-child\" data-id=\"a13a096\" data-element_type=\"container\" data-settings=\"{&quot;_ha_eqh_enable&quot;:false}\">\n\t\t\t\t<div class=\"elementor-element elementor-element-5545721 elementor-widget elementor-widget-text-editor\" data-id=\"5545721\" data-element_type=\"widget\" data-widget_type=\"text-editor.default\">\n\t\t\t\t\t\t\t\t\t<p>Ubicada en el coraz\u00f3n de la Chapada Diamantina Norte, la ciudad de Jacobina, en Bah\u00eda, es uno de los centros regionales m\u00e1s relevantes del semi\u00e1rido bahiano. Situada a unos 330 km de Salvador, combina tradici\u00f3n hist\u00f3rica, diversidad natural y un clima privilegiado, moldeado directamente por su geograf\u00eda monta\u00f1osa.<\/p>\n<p>Conocida como la \u201c<b>Ciudad del Oro<\/b>\u201d, Jacobina surgi\u00f3 en el per\u00edodo colonial, durante el ciclo minero, y desde entonces se ha consolidado como un centro de trabajo y prosperidad. A lo largo del tiempo, su econom\u00eda se ha diversificado al incorporar agricultura, ganader\u00eda y ecoturismo como pilares del desarrollo sostenible.<\/p>\n<p>En este territorio se eleva la <b>Serra do Tombador<\/b>, una de las formaciones geol\u00f3gicas m\u00e1s destacadas de la regi\u00f3n y parte integral de la Chapada Diamantina. Sus altitudes alcanzan aproximadamente los 950 metros sobre el nivel del mar, creando microclimas \u00fanicos con temperaturas suaves, buena humedad y luz solar equilibrada. Esta combinaci\u00f3n brinda condiciones ideales para el cultivo de frutas subtropicales y de clima templado, como berries y aguacates, base de la producci\u00f3n de Piantare.<\/p>\n<p>Piantare se encuentra precisamente en esta zona privilegiada de la Serra do Tombador, donde el relieve, el suelo y el clima se unen para ofrecer el equilibrio perfecto entre origen, nutrici\u00f3n y sabor. Esta ubicaci\u00f3n estrat\u00e9gica no solo favorece la calidad de la producci\u00f3n, sino que tambi\u00e9n conecta Jacobina con las rutas log\u00edsticas del Valle del S\u00e3o Francisco, facilitando el acceso a los mercados nacionales e internacionales.<\/p>\n<p>Rodeada de valles f\u00e9rtiles, r\u00edos y cascadas, Jacobina tambi\u00e9n es un destino de exuberante belleza natural y gente acogedora. Su paisaje buc\u00f3lico y su potencial productivo la convierten en un ejemplo de integraci\u00f3n entre tradici\u00f3n e innovaci\u00f3n, un lugar donde Piantare encuentra el ambiente ideal para crecer, producir e inspirar un nuevo modelo de agricultura sostenible.<\/p>\t\t\t\t\t\t\t\t<\/div>\n\t\t\t\t<\/div>\n\t\t\t\t\t<\/div>\n\t\t\t\t<\/div>\n\t\t\t\t<\/div>\n\t\t","protected":false},"excerpt":{"rendered":"<p>Jacobina \u2014 Coraz\u00f3n de la Chapada Diamantina Norte Ubicada en el coraz\u00f3n de la Chapada Diamantina Norte, la ciudad de Jacobina, en Bah\u00eda, es uno de los centros regionales m\u00e1s relevantes del semi\u00e1rido bahiano. Situada a unos 330 km de Salvador, combina tradici\u00f3n hist\u00f3rica, diversidad natural y un clima privilegiado, moldeado directamente por su geograf\u00eda [&hellip;]<\/p>\n","protected":false},"author":1,"featured_media":0,"parent":0,"menu_order":0,"comment_status":"closed","ping_status":"closed","template":"elementor_header_footer","meta":{"footnotes":""},"class_list":["post-1436","page","type-page","status-publish","hentry"],"_links":{"self":[{"href":"https:\/\/piantare.com.br\/es\/wp-json\/wp\/v2\/pages\/1436","targetHints":{"allow":["GET"]}}],"collection":[{"href":"https:\/\/piantare.com.br\/es\/wp-json\/wp\/v2\/pages"}],"about":[{"href":"https:\/\/piantare.com.br\/es\/wp-json\/wp\/v2\/types\/page"}],"author":[{"embeddable":true,"href":"https:\/\/piantare.com.br\/es\/wp-json\/wp\/v2\/users\/1"}],"replies":[{"embeddable":true,"href":"https:\/\/piantare.com.br\/es\/wp-json\/wp\/v2\/comments?post=1436"}],"version-history":[{"count":4,"href":"https:\/\/piantare.com.br\/es\/wp-json\/wp\/v2\/pages\/1436\/revisions"}],"predecessor-version":[{"id":1440,"href":"https:\/\/piantare.com.br\/es\/wp-json\/wp\/v2\/pages\/1436\/revisions\/1440"}],"wp:attachment":[{"href":"https:\/\/piantare.com.br\/es\/wp-json\/wp\/v2\/media?parent=1436"}],"curies":[{"name":"wp","href":"https:\/\/api.w.org\/{rel}","templated":true}]}}