{"id":1297,"date":"2025-11-12T00:16:34","date_gmt":"2025-11-12T03:16:34","guid":{"rendered":"https:\/\/piantare.com.br\/?page_id=1297"},"modified":"2025-12-09T19:08:43","modified_gmt":"2025-12-09T22:08:43","slug":"about-us","status":"publish","type":"page","link":"https:\/\/piantare.com.br\/en\/about-us\/","title":{"rendered":"About Us"},"content":{"rendered":"\t\t<div data-elementor-type=\"wp-page\" data-elementor-id=\"1297\" class=\"elementor elementor-1297 elementor-168\" data-elementor-settings=\"{&quot;ha_cmc_init_switcher&quot;:&quot;no&quot;}\" data-elementor-post-type=\"page\">\n\t\t\t\t<div class=\"elementor-element elementor-element-f1c25e2 e-con-full e-flex e-con e-parent\" data-id=\"f1c25e2\" data-element_type=\"container\" data-settings=\"{&quot;background_background&quot;:&quot;classic&quot;,&quot;_ha_eqh_enable&quot;:false}\">\n\t\t<div class=\"elementor-element elementor-element-73cd487 e-flex e-con-boxed e-con e-child\" data-id=\"73cd487\" data-element_type=\"container\" data-settings=\"{&quot;_ha_eqh_enable&quot;:false}\">\n\t\t\t\t\t<div class=\"e-con-inner\">\n\t\t\t\t<div class=\"elementor-element elementor-element-70f5205 elementor-widget elementor-widget-heading\" data-id=\"70f5205\" data-element_type=\"widget\" data-widget_type=\"heading.default\">\n\t\t\t\t\t<h1 class=\"elementor-heading-title elementor-size-default\">About us<\/h1>\t\t\t\t<\/div>\n\t\t\t\t\t<\/div>\n\t\t\t\t<\/div>\n\t\t\t\t<\/div>\n\t\t<div class=\"elementor-element elementor-element-cbca5d9 e-flex e-con-boxed e-con e-parent\" data-id=\"cbca5d9\" data-element_type=\"container\" data-settings=\"{&quot;background_background&quot;:&quot;classic&quot;,&quot;_ha_eqh_enable&quot;:false}\">\n\t\t\t\t\t<div class=\"e-con-inner\">\n\t\t<div class=\"elementor-element elementor-element-fe3d49c e-con-full e-flex e-con e-child\" data-id=\"fe3d49c\" data-element_type=\"container\" data-settings=\"{&quot;background_background&quot;:&quot;classic&quot;,&quot;_ha_eqh_enable&quot;:false}\">\n\t\t\t\t<\/div>\n\t\t<div class=\"elementor-element elementor-element-a13a096 e-con-full e-flex e-con e-child\" data-id=\"a13a096\" data-element_type=\"container\" data-settings=\"{&quot;_ha_eqh_enable&quot;:false}\">\n\t\t\t\t<div class=\"elementor-element elementor-element-5545721 elementor-widget elementor-widget-text-editor\" data-id=\"5545721\" data-element_type=\"widget\" data-widget_type=\"text-editor.default\">\n\t\t\t\t\t\t\t\t\t<p data-start=\"75\" data-end=\"240\"><strong data-start=\"75\" data-end=\"240\">Piantare is a family-owned company focused on investments in the real estate sector, fruit production and derivatives, reforestation, and environmental services.<\/strong><\/p><p data-start=\"242\" data-end=\"450\">Piantare was founded in 2017 along with the Serra do Tombador Project, the result of a study on the potential of the Chapada Diamantina region, in Jacobina (BA), aimed at agroforestry and pastoral activities.<\/p><p data-start=\"452\" data-end=\"617\">This pioneering work involved the experimental planting of several fruit and timber species, identifying those best adapted to the local soil and climate conditions.<\/p><p data-start=\"619\" data-end=\"756\">As a result of this study, the first African Mahogany forest in the Chapada Diamantina was planted\u2014a challenge that has proven promising.<\/p><p data-start=\"758\" data-end=\"958\">In fruit production, the first species chosen was Pitaya, which has stood out from the beginning as highly promising, already positioning Piantare as the third-largest producer of the fruit in Brazil.<\/p><p data-start=\"960\" data-end=\"1251\">Located about 250 km from the fruit-growing hub of the S\u00e3o Francisco Valley and 340 km from the Port of Salvador, the company is strategically positioned to distribute its production and efficiently supply the domestic market. After all, the Brazilian Northeast is our primary target market.<\/p><p data-start=\"1253\" data-end=\"1455\">In addition to the Serra do Tombador project, Piantare invests in coconut and a\u00e7a\u00ed production in the Baixo Sul region of Bahia, as well as leasing land for energy generation in the Morro do Chap\u00e9u area.<\/p>\t\t\t\t\t\t\t\t<\/div>\n\t\t\t\t<\/div>\n\t\t\t\t\t<\/div>\n\t\t\t\t<\/div>\n\t\t<div class=\"elementor-element elementor-element-dc1237d e-flex e-con-boxed e-con e-parent\" data-id=\"dc1237d\" data-element_type=\"container\" data-settings=\"{&quot;background_background&quot;:&quot;classic&quot;,&quot;_ha_eqh_enable&quot;:false}\">\n\t\t\t\t\t<div class=\"e-con-inner\">\n\t\t<div class=\"elementor-element elementor-element-1f2f8bf e-con-full e-flex e-con e-child\" data-id=\"1f2f8bf\" data-element_type=\"container\" data-settings=\"{&quot;_ha_eqh_enable&quot;:false}\">\n\t\t\t\t<div class=\"elementor-element elementor-element-fd21766 elementor-widget elementor-widget-text-editor\" data-id=\"fd21766\" data-element_type=\"widget\" data-widget_type=\"text-editor.default\">\n\t\t\t\t\t\t\t\t\t<p data-start=\"58\" data-end=\"279\">The company is preparing, in the near future, to also operate in the hospitality and sustainable condominium sector, taking advantage of the scenic and climatic potential of the Serra do Tombador and the Jequiri\u00e7\u00e1 Valley.<\/p><p data-start=\"281\" data-end=\"502\">Avocado, however, is the fruit that occupies the largest planted area on the farm, and once the goal of reaching 450 hectares by 2029 is fulfilled, Piantare will position itself among the five largest producers in Brazil.<\/p><p data-start=\"504\" data-end=\"673\">Ponkan tangerine is an experimental crop that has also shown great promise and represents Piantare\u2019s initiative to evaluate the behavior of a citrus plant in the region.<\/p><p data-start=\"675\" data-end=\"884\">Over time, the altitude, mild temperatures, and market potential have revealed a new natural vocation: the cultivation of berries\u2014such as strawberry, blackberry, blueberry, raspberry, physalis, and also grape.<\/p><p data-start=\"886\" data-end=\"1006\">Today, the Serra do Tombador project has more than 200 hectares planted, with the goal of reaching 600 hectares by 2029.<\/p>\t\t\t\t\t\t\t\t<\/div>\n\t\t\t\t<\/div>\n\t\t<div class=\"elementor-element elementor-element-8c0609c e-con-full e-flex e-con e-child\" data-id=\"8c0609c\" data-element_type=\"container\" data-settings=\"{&quot;background_background&quot;:&quot;classic&quot;,&quot;_ha_eqh_enable&quot;:false}\">\n\t\t\t\t<div class=\"elementor-element elementor-element-3dffb36 imgw elementor-widget elementor-widget-image\" data-id=\"3dffb36\" data-element_type=\"widget\" data-widget_type=\"image.default\">\n\t\t\t\t\t\t\t\t\t\t\t\t\t\t\t<img fetchpriority=\"high\" decoding=\"async\" width=\"516\" height=\"224\" src=\"https:\/\/piantare.com.br\/wp-content\/uploads\/2025\/11\/Piantare-Logo.png\" class=\"attachment-large size-large wp-image-1000\" alt=\"\" srcset=\"https:\/\/piantare.com.br\/wp-content\/uploads\/2025\/11\/Piantare-Logo.png 516w, https:\/\/piantare.com.br\/wp-content\/uploads\/2025\/11\/Piantare-Logo-300x130.png 300w\" sizes=\"(max-width: 516px) 100vw, 516px\" \/>\t\t\t\t\t\t\t\t\t\t\t\t\t\t\t<\/div>\n\t\t\t\t<\/div>\n\t\t\t\t\t<\/div>\n\t\t\t\t<\/div>\n\t\t\t\t<\/div>\n\t\t","protected":false},"excerpt":{"rendered":"<p>About us Piantare is a family-owned company focused on investments in the real estate sector, fruit production and derivatives, reforestation, and environmental services. Piantare was founded in 2017 along with the Serra do Tombador Project, the result of a study on the potential of the Chapada Diamantina region, in Jacobina (BA), aimed at agroforestry and [&hellip;]<\/p>\n","protected":false},"author":1,"featured_media":0,"parent":0,"menu_order":0,"comment_status":"closed","ping_status":"closed","template":"elementor_header_footer","meta":{"footnotes":""},"class_list":["post-1297","page","type-page","status-publish","hentry"],"_links":{"self":[{"href":"https:\/\/piantare.com.br\/en\/wp-json\/wp\/v2\/pages\/1297","targetHints":{"allow":["GET"]}}],"collection":[{"href":"https:\/\/piantare.com.br\/en\/wp-json\/wp\/v2\/pages"}],"about":[{"href":"https:\/\/piantare.com.br\/en\/wp-json\/wp\/v2\/types\/page"}],"author":[{"embeddable":true,"href":"https:\/\/piantare.com.br\/en\/wp-json\/wp\/v2\/users\/1"}],"replies":[{"embeddable":true,"href":"https:\/\/piantare.com.br\/en\/wp-json\/wp\/v2\/comments?post=1297"}],"version-history":[{"count":4,"href":"https:\/\/piantare.com.br\/en\/wp-json\/wp\/v2\/pages\/1297\/revisions"}],"predecessor-version":[{"id":1301,"href":"https:\/\/piantare.com.br\/en\/wp-json\/wp\/v2\/pages\/1297\/revisions\/1301"}],"wp:attachment":[{"href":"https:\/\/piantare.com.br\/en\/wp-json\/wp\/v2\/media?parent=1297"}],"curies":[{"name":"wp","href":"https:\/\/api.w.org\/{rel}","templated":true}]}}